{"id":24,"date":"2024-04-12T17:22:43","date_gmt":"2024-04-12T15:22:43","guid":{"rendered":"http:\/\/192.168.56.1\/woocommerce\/?page_id=24"},"modified":"2025-09-22T16:00:25","modified_gmt":"2025-09-22T19:00:25","slug":"accueil","status":"publish","type":"page","link":"https:\/\/sotalie.com\/","title":{"rendered":"Embarquez pour l&#8217;Ilet la M\u00e8re ou Cacao avec Sotalie Excursions !"},"content":{"rendered":"\t\t<div data-elementor-type=\"wp-page\" data-elementor-id=\"24\" class=\"elementor elementor-24\">\n\t\t\t\t<div class=\"elementor-element elementor-element-5e5ea5e e-con-full e-flex e-con e-parent\" data-id=\"5e5ea5e\" data-element_type=\"container\">\n\t\t\t\t<div class=\"elementor-element elementor-element-0d66b59 elementor-widget elementor-widget-text-editor\" data-id=\"0d66b59\" data-element_type=\"widget\" data-widget_type=\"text-editor.default\">\n\t\t\t\t<div class=\"elementor-widget-container\">\n\t\t\t\t\t\t\t\t\t<p>Excursions en bateau priv\u00e9es au d\u00e9part de Cayenne : <strong>Ilet la M\u00e8re, Cacao, coucher de soleil et dauphins.<\/strong><br data-start=\"277\" data-end=\"280\" \/>Naviguez en <strong>petit comit\u00e9<\/strong> \u00e0 bord d\u2019un bateau confortable avec skipper local.<br data-start=\"355\" data-end=\"358\" \/>Nature, d\u00e9tente et d\u00e9couvertes garanties !<br data-start=\"400\" data-end=\"403\" \/><strong data-start=\"403\" data-end=\"447\">R\u00e9servez votre aventure d\u00e8s aujourd\u2019hui.<\/strong><\/p>\t\t\t\t\t\t\t\t<\/div>\n\t\t\t\t<\/div>\n\t\t\t\t<\/div>\n\t\t<div class=\"elementor-element elementor-element-966a088 e-flex e-con-boxed e-con e-parent\" data-id=\"966a088\" data-element_type=\"container\">\n\t\t\t\t\t<div class=\"e-con-inner\">\n\t\t<div class=\"elementor-element elementor-element-94e6719 e-con-full e-flex e-con e-child\" data-id=\"94e6719\" data-element_type=\"container\">\n\t\t\t\t<div class=\"elementor-element elementor-element-2078443 elementor-widget elementor-widget-image\" data-id=\"2078443\" data-element_type=\"widget\" data-widget_type=\"image.default\">\n\t\t\t\t<div class=\"elementor-widget-container\">\n\t\t\t\t\t\t\t\t\t\t\t\t\t\t\t<img fetchpriority=\"high\" decoding=\"async\" width=\"768\" height=\"1024\" src=\"https:\/\/sotalie.com\/wp-content\/uploads\/2025\/02\/IMG_85691-768x1024.jpg\" class=\"attachment-large size-large wp-image-351\" alt=\"Excursion en bateau vers l&#039;\u00celet la M\u00e8re en Guyane\" srcset=\"https:\/\/sotalie.com\/wp-content\/uploads\/2025\/02\/IMG_85691-768x1024.jpg 768w, https:\/\/sotalie.com\/wp-content\/uploads\/2025\/02\/IMG_85691-225x300.jpg 225w, https:\/\/sotalie.com\/wp-content\/uploads\/2025\/02\/IMG_85691-1152x1536.jpg 1152w, https:\/\/sotalie.com\/wp-content\/uploads\/2025\/02\/IMG_85691-1536x2048.jpg 1536w, https:\/\/sotalie.com\/wp-content\/uploads\/2025\/02\/IMG_85691-600x800.jpg 600w, https:\/\/sotalie.com\/wp-content\/uploads\/2025\/02\/IMG_85691-scaled.jpg 1920w\" sizes=\"(max-width: 768px) 100vw, 768px\" \/>\t\t\t\t\t\t\t\t\t\t\t\t\t\t\t<\/div>\n\t\t\t\t<\/div>\n\t\t\t\t<\/div>\n\t\t<div class=\"elementor-element elementor-element-3b37d5e e-con-full e-flex e-con e-child\" data-id=\"3b37d5e\" data-element_type=\"container\">\n\t\t\t\t<div class=\"elementor-element elementor-element-ba463a3 elementor-widget elementor-widget-text-editor\" data-id=\"ba463a3\" data-element_type=\"widget\" data-widget_type=\"text-editor.default\">\n\t\t\t\t<div class=\"elementor-widget-container\">\n\t\t\t\t\t\t\t\t\t<h2 data-start=\"134\" data-end=\"306\"><strong data-start=\"134\" data-end=\"190\">Explorez la Guyane autrement avec Sotalie Excursions<\/strong><\/h2><p data-start=\"134\" data-end=\"306\">Bienvenue chez <strong data-start=\"276\" data-end=\"287\">Sotalie<\/strong>, votre op\u00e9rateur local d\u2019<strong data-start=\"313\" data-end=\"345\">excursions priv\u00e9es en bateau<\/strong> en Guyane. Depuis la <strong data-start=\"367\" data-end=\"398\">marina de D\u00e9grad des Cannes<\/strong>, nous vous emmenons explorer les plus beaux sites naturels du littoral et du fleuve. Que vous soyez seul, en couple, en famille ou entre amis, nous vous proposons des exp\u00e9riences immersives et authentiques, loin des sentiers battus.<\/p><ul data-start=\"308\" data-end=\"514\"><li data-start=\"308\" data-end=\"349\"><p data-start=\"310\" data-end=\"349\"><span class=\"relative -mx-px my-[-0.2rem] rounded px-px py-[0.2rem] transition-colors duration-100 ease-in-out\"><strong>Explorez l&#8217;<a href=\"https:\/\/sotalie.com\/index.php\/produit\/excursion-bateau-ilet-la-mere-guyane\/\" target=\"_blank\" rel=\"noopener\">Ilet la M\u00e8re<\/a> :<\/strong> Rencontrez les Dauphins de Guyane, les sa\u00efmiris et plongez dans l&#8217;histoire de l&#8217;ancien bagne.<\/span><\/p><\/li><li data-start=\"350\" data-end=\"391\"><p data-start=\"352\" data-end=\"391\"><span class=\"relative -mx-px my-[-0.2rem] rounded px-px py-[0.2rem] transition-colors duration-100 ease-in-out\"><strong>Remontez le fleuve jusqu&#8217;a <a href=\"https:\/\/sotalie.com\/index.php\/produit\/bateau-guyane-cacao-excursion-fluviale-inoubliable\/\" target=\"_blank\" rel=\"noopener\">Cacao <\/a><\/strong>: Naviguez sur le fleuve Mahury\/La Comt\u00e9 jusqu&#8217;au village Hmong de Cacao.<\/span><\/p><\/li><li data-start=\"392\" data-end=\"433\"><p data-start=\"394\" data-end=\"433\"><span class=\"relative -mx-px my-[-0.2rem] rounded px-px py-[0.2rem] transition-colors duration-100 ease-in-out\"><strong data-start=\"1055\" data-end=\"1092\">Vivez un\u00a0<\/strong><a href=\"https:\/\/sotalie.com\/index.php\/produit\/croisiere-sunset-ilet-la-mere-guyane\/\" target=\"_blank\" rel=\"noopener\"><strong data-start=\"0\" data-end=\"30\" data-is-only-node=\"\">Sunset aux ilets de R\u00e9mire<\/strong><\/a> : En fin de journ\u00e9e, embarquez pour une <strong data-start=\"1133\" data-end=\"1167\">croisi\u00e8re au coucher du soleil<\/strong>, agr\u00e9ment\u00e9e d\u2019un ap\u00e9ritif convivial \u00e0 bord.<\/span><\/p><\/li><li data-start=\"434\" data-end=\"514\"><p data-start=\"436\" data-end=\"514\"><span class=\"relative -mx-px my-[-0.2rem] rounded px-px py-[0.2rem] transition-colors duration-100 ease-in-out\"><strong data-start=\"0\" data-end=\"36\" data-is-only-node=\"\">Observez des dauphins Sotalie<\/strong> : Partez \u00e0 la rencontre des dauphins de Guyane en exclusivit\u00e9 lors de nos sorties.<\/span><\/p><\/li><\/ul><p data-start=\"516\" data-end=\"594\"><span class=\"relative -mx-px my-[-0.2rem] rounded px-px py-[0.2rem] transition-colors duration-100 ease-in-out\">\u00c0 bord du <strong data-start=\"10\" data-end=\"28\">\u00ab <a href=\"https:\/\/sotalie.com\/index.php\/nos-bateaux\/\">4 Moun Max<\/a> \u00bb<\/strong>, un navire confortable et s\u00e9curis\u00e9, notre skipper exp\u00e9riment\u00e9 vous guidera pour une exp\u00e9rience authentique et m\u00e9morable.<\/span><\/p><h2 data-start=\"601\" data-end=\"647\">Profitez d&#8217;excursions priv\u00e9es et personnalis\u00e9es<\/h2><p data-start=\"649\" data-end=\"767\"><span class=\"relative -mx-px my-[-0.2rem] rounded px-px py-[0.2rem] transition-colors duration-100 ease-in-out\">Toutes nos sorties sont <strong data-start=\"24\" data-end=\"35\">priv\u00e9es<\/strong>, adapt\u00e9es \u00e0 votre groupe (jusqu&#8217;\u00e0 6 personnes en mer et 7 en rivi\u00e8re), pour une immersion totale dans la nature guyanaise.<\/span> <span class=\"relative -mx-px my-[-0.2rem] rounded px-px py-[0.2rem] transition-colors duration-100 ease-in-out\">Notre \u00e9quipe locale met un point d&#8217;honneur \u00e0 partager avec vous la richesse de la biodiversit\u00e9 et de la culture de la r\u00e9gion.<\/span><\/p><p data-start=\"649\" data-end=\"767\"><strong>Pr\u00eats pour l&#8217;aventure ? <a href=\"https:\/\/sotalie.com\/index.php\/boutique\/\">R\u00e9servez d\u00e8s maintenant votre excursion en ligne !<\/a><\/strong><\/p>\t\t\t\t\t\t\t\t<\/div>\n\t\t\t\t<\/div>\n\t\t\t\t<\/div>\n\t\t\t\t\t<\/div>\n\t\t\t\t<\/div>\n\t\t<div class=\"elementor-element elementor-element-9bf051f e-grid e-con-boxed e-con e-parent\" data-id=\"9bf051f\" data-element_type=\"container\">\n\t\t\t\t\t<div class=\"e-con-inner\">\n\t\t\t\t<div class=\"elementor-element elementor-element-c922ce3 elementor-widget elementor-widget-heading\" data-id=\"c922ce3\" data-element_type=\"widget\" data-widget_type=\"heading.default\">\n\t\t\t\t<div class=\"elementor-widget-container\">\n\t\t\t\t\t<h2 class=\"elementor-heading-title elementor-size-default\">Des visites passionnantes<\/h2>\t\t\t\t<\/div>\n\t\t\t\t<\/div>\n\t\t\t\t<div class=\"elementor-element elementor-element-2c57cab elementor-widget elementor-widget-heading\" data-id=\"2c57cab\" data-element_type=\"widget\" data-widget_type=\"heading.default\">\n\t\t\t\t<div class=\"elementor-widget-container\">\n\t\t\t\t\t<h2 class=\"elementor-heading-title elementor-size-default\">100% Local <\/h2>\t\t\t\t<\/div>\n\t\t\t\t<\/div>\n\t\t\t\t<div class=\"elementor-element elementor-element-42f0fd2 elementor-widget elementor-widget-heading\" data-id=\"42f0fd2\" data-element_type=\"widget\" data-widget_type=\"heading.default\">\n\t\t\t\t<div class=\"elementor-widget-container\">\n\t\t\t\t\t<h2 class=\"elementor-heading-title elementor-size-default\">Circuits personnali\u00e9s<\/h2>\t\t\t\t<\/div>\n\t\t\t\t<\/div>\n\t\t\t\t<div class=\"elementor-element elementor-element-3280f27 elementor-widget elementor-widget-text-editor\" data-id=\"3280f27\" data-element_type=\"widget\" data-widget_type=\"text-editor.default\">\n\t\t\t\t<div class=\"elementor-widget-container\">\n\t\t\t\t\t\t\t\t\t<p>Toutes nos excursions sont priv\u00e9es et exclusives a votre groupe.<\/p><p>Notre skipper s&#8217;applique a rendre votre exp\u00e9rience m\u00e9morable !<\/p>\t\t\t\t\t\t\t\t<\/div>\n\t\t\t\t<\/div>\n\t\t\t\t<div class=\"elementor-element elementor-element-7677b0e elementor-widget elementor-widget-text-editor\" data-id=\"7677b0e\" data-element_type=\"widget\" data-widget_type=\"text-editor.default\">\n\t\t\t\t<div class=\"elementor-widget-container\">\n\t\t\t\t\t\t\t\t\t<p>Des membre de l&#8217;\u00e9quipe au propri\u00e9taire en passant par notre bateaux, nous sommes Guyanais.<\/p><p>Nous mettons la nature et la culture Guyanaise \u00e0 l&#8217;honneur durant les excursions.<\/p>\t\t\t\t\t\t\t\t<\/div>\n\t\t\t\t<\/div>\n\t\t\t\t<div class=\"elementor-element elementor-element-591de57 elementor-widget elementor-widget-text-editor\" data-id=\"591de57\" data-element_type=\"widget\" data-widget_type=\"text-editor.default\">\n\t\t\t\t<div class=\"elementor-widget-container\">\n\t\t\t\t\t\t\t\t\t<p>Une attente particuli\u00e8re ?<a href=\"https:\/\/sotalie.com\/index.php\/contact\/\"> Faite nous en part<\/a> et nous \u00e9tudierons ensemble votre demande.<\/p>\t\t\t\t\t\t\t\t<\/div>\n\t\t\t\t<\/div>\n\t\t\t\t\t<\/div>\n\t\t\t\t<\/div>\n\t\t<div class=\"elementor-element elementor-element-7f4d57c e-flex e-con-boxed e-con e-parent\" data-id=\"7f4d57c\" data-element_type=\"container\">\n\t\t\t\t\t<div class=\"e-con-inner\">\n\t\t\t\t<div class=\"elementor-element elementor-element-4bc059d elementor-widget elementor-widget-heading\" data-id=\"4bc059d\" data-element_type=\"widget\" data-widget_type=\"heading.default\">\n\t\t\t\t<div class=\"elementor-widget-container\">\n\t\t\t\t\t<h2 class=\"elementor-heading-title elementor-size-default\"> \n\nM\u00e9t\u00e9o des prochains jours<\/h2>\t\t\t\t<\/div>\n\t\t\t\t<\/div>\n\t\t\t\t<div class=\"elementor-element elementor-element-b73e881 elementor-widget__width-inherit elementor-widget elementor-widget-html\" data-id=\"b73e881\" data-element_type=\"widget\" data-widget_type=\"html.default\">\n\t\t\t\t<div class=\"elementor-widget-container\">\n\t\t\t\t\t<script id=\"wg_fwdg_607646_100_1758290212229\">\n(function (window, document) {\n  var loader = function () {\n    var arg = [\"s=607646\" ,\"m=100\",\"mw=84\",\"uid=wg_fwdg_607646_100_1758290212229\" ,\"wj=knots\" ,\"tj=c\" ,\"waj=m\" ,\"tij=cm\" ,\"odh=0\" ,\"doh=24\" ,\"fhours=240\" ,\"hrsm=2\" ,\"vt=forecasts\" ,\"lng=fr\" ,\"idbs=1528\" ,\"ts=2\" ,\"p=WINDSPD,GUST,SMER,HTSGW,PERPW,APCP1s\"];\n    var script = document.createElement(\"script\");\n    var tag = document.getElementsByTagName(\"script\")[0];\n    script.src = \"https:\/\/www.windguru.cz\/js\/widget.php?\"+(arg.join(\"&\"));\n    tag.parentNode.insertBefore(script, tag);\n  };\n  window.addEventListener ? window.addEventListener(\"load\", loader, false) : window.attachEvent(\"onload\", loader);\n})(window, document);\n<\/script>\t\t\t\t<\/div>\n\t\t\t\t<\/div>\n\t\t\t\t\t<\/div>\n\t\t\t\t<\/div>\n\t\t<div class=\"elementor-element elementor-element-ced9d0a e-grid e-con-boxed e-con e-parent\" data-id=\"ced9d0a\" data-element_type=\"container\">\n\t\t\t\t\t<div class=\"e-con-inner\">\n\t\t\t\t\t<\/div>\n\t\t\t\t<\/div>\n\t\t\t\t<\/div>\n\t\t","protected":false},"excerpt":{"rendered":"<p>Excursions en bateau priv\u00e9es au d\u00e9part de Cayenne : Ilet la M\u00e8re, Cacao, coucher de soleil et dauphins.Naviguez en petit comit\u00e9 \u00e0 bord d\u2019un bateau confortable avec skipper local.Nature, d\u00e9tente et d\u00e9couvertes garanties !R\u00e9servez votre aventure d\u00e8s aujourd\u2019hui. Explorez la Guyane autrement avec Sotalie Excursions Bienvenue chez Sotalie, votre op\u00e9rateur local d\u2019excursions priv\u00e9es en bateau&hellip;<\/p>\n","protected":false},"author":1,"featured_media":460,"parent":0,"menu_order":0,"comment_status":"closed","ping_status":"closed","template":"","meta":{"footnotes":""},"class_list":["post-24","page","type-page","status-publish","has-post-thumbnail","hentry"],"yoast_head":"<!-- This site is optimized with the Yoast SEO plugin v25.4 - https:\/\/yoast.com\/wordpress\/plugins\/seo\/ -->\n<title>L&#039;ilet la M\u00e8re en bateau<\/title>\n<meta name=\"description\" content=\"Partez en excursion priv\u00e9e en bateau : explorez l&#039;ilet la M\u00e8re, les dauphins, les couchers de soleil aux ilets ou Cacao !\" \/>\n<meta name=\"robots\" content=\"index, follow, max-snippet:-1, max-image-preview:large, max-video-preview:-1\" \/>\n<link rel=\"canonical\" href=\"https:\/\/sotalie.com\/\" \/>\n<meta property=\"og:locale\" content=\"fr_FR\" \/>\n<meta property=\"og:type\" content=\"article\" \/>\n<meta property=\"og:title\" content=\"Embarquez pour l&#039;Ilet la M\u00e8re ou Cacao avec Sotalie Excursions !\" \/>\n<meta property=\"og:description\" content=\"Partez en excursion priv\u00e9e en bateau : explorez l&#039;ilet la M\u00e8re, les dauphins, les couchers de soleil aux ilets ou Cacao !\" \/>\n<meta property=\"og:url\" content=\"https:\/\/sotalie.com\/\" \/>\n<meta property=\"article:publisher\" content=\"https:\/\/www.facebook.com\/4mounmax\" \/>\n<meta property=\"article:modified_time\" content=\"2025-09-22T19:00:25+00:00\" \/>\n<meta property=\"og:image\" content=\"https:\/\/sotalie.com\/wp-content\/uploads\/2025\/02\/IMG_85691-scaled.jpg\" \/>\n\t<meta property=\"og:image:width\" content=\"1920\" \/>\n\t<meta property=\"og:image:height\" content=\"2560\" \/>\n\t<meta property=\"og:image:type\" content=\"image\/jpeg\" \/>\n<meta name=\"twitter:card\" content=\"summary_large_image\" \/>\n<meta name=\"twitter:label1\" content=\"Dur\u00e9e de lecture estim\u00e9e\" \/>\n\t<meta name=\"twitter:data1\" content=\"2 minutes\" \/>\n<script type=\"application\/ld+json\" class=\"yoast-schema-graph\">{\"@context\":\"https:\/\/schema.org\",\"@graph\":[{\"@type\":\"WebPage\",\"@id\":\"https:\/\/sotalie.com\/\",\"url\":\"https:\/\/sotalie.com\/\",\"name\":\"L'ilet la M\u00e8re en bateau\",\"isPartOf\":{\"@id\":\"https:\/\/sotalie.com\/#website\"},\"primaryImageOfPage\":{\"@id\":\"https:\/\/sotalie.com\/#primaryimage\"},\"image\":{\"@id\":\"https:\/\/sotalie.com\/#primaryimage\"},\"thumbnailUrl\":\"https:\/\/sotalie.com\/wp-content\/uploads\/2025\/02\/cropped-LOGO-SOTALIE-1.png\",\"datePublished\":\"2024-04-12T15:22:43+00:00\",\"dateModified\":\"2025-09-22T19:00:25+00:00\",\"description\":\"Partez en excursion priv\u00e9e en bateau : explorez l'ilet la M\u00e8re, les dauphins, les couchers de soleil aux ilets ou Cacao !\",\"breadcrumb\":{\"@id\":\"https:\/\/sotalie.com\/#breadcrumb\"},\"inLanguage\":\"fr-FR\",\"potentialAction\":[{\"@type\":\"ReadAction\",\"target\":[\"https:\/\/sotalie.com\/\"]}]},{\"@type\":\"ImageObject\",\"inLanguage\":\"fr-FR\",\"@id\":\"https:\/\/sotalie.com\/#primaryimage\",\"url\":\"https:\/\/sotalie.com\/wp-content\/uploads\/2025\/02\/cropped-LOGO-SOTALIE-1.png\",\"contentUrl\":\"https:\/\/sotalie.com\/wp-content\/uploads\/2025\/02\/cropped-LOGO-SOTALIE-1.png\",\"width\":1585,\"height\":1505,\"caption\":\"Sotalie excursions\"},{\"@type\":\"BreadcrumbList\",\"@id\":\"https:\/\/sotalie.com\/#breadcrumb\",\"itemListElement\":[{\"@type\":\"ListItem\",\"position\":1,\"name\":\"Accueil\",\"item\":\"https:\/\/sotalie.com\/\"},{\"@type\":\"ListItem\",\"position\":2,\"name\":\"Embarquez pour l&#8217;Ilet la M\u00e8re ou Cacao avec Sotalie Excursions !\"}]},{\"@type\":\"WebSite\",\"@id\":\"https:\/\/sotalie.com\/#website\",\"url\":\"https:\/\/sotalie.com\/\",\"name\":\"Tourisme Bateau Guyane\",\"description\":\"\",\"publisher\":{\"@id\":\"https:\/\/sotalie.com\/#organization\"},\"potentialAction\":[{\"@type\":\"SearchAction\",\"target\":{\"@type\":\"EntryPoint\",\"urlTemplate\":\"https:\/\/sotalie.com\/?s={search_term_string}\"},\"query-input\":{\"@type\":\"PropertyValueSpecification\",\"valueRequired\":true,\"valueName\":\"search_term_string\"}}],\"inLanguage\":\"fr-FR\"},{\"@type\":\"Organization\",\"@id\":\"https:\/\/sotalie.com\/#organization\",\"name\":\"Tourisme Bateau Guyane\",\"url\":\"https:\/\/sotalie.com\/\",\"logo\":{\"@type\":\"ImageObject\",\"inLanguage\":\"fr-FR\",\"@id\":\"https:\/\/sotalie.com\/#\/schema\/logo\/image\/\",\"url\":\"https:\/\/sotalie.com\/wp-content\/uploads\/2025\/02\/cropped-LOGO-SOTALIE-1.png\",\"contentUrl\":\"https:\/\/sotalie.com\/wp-content\/uploads\/2025\/02\/cropped-LOGO-SOTALIE-1.png\",\"width\":1585,\"height\":1505,\"caption\":\"Tourisme Bateau Guyane\"},\"image\":{\"@id\":\"https:\/\/sotalie.com\/#\/schema\/logo\/image\/\"},\"sameAs\":[\"https:\/\/www.facebook.com\/4mounmax\"]}]}<\/script>\n<!-- \/ Yoast SEO plugin. -->","yoast_head_json":{"title":"L'ilet la M\u00e8re en bateau","description":"Partez en excursion priv\u00e9e en bateau : explorez l'ilet la M\u00e8re, les dauphins, les couchers de soleil aux ilets ou Cacao !","robots":{"index":"index","follow":"follow","max-snippet":"max-snippet:-1","max-image-preview":"max-image-preview:large","max-video-preview":"max-video-preview:-1"},"canonical":"https:\/\/sotalie.com\/","og_locale":"fr_FR","og_type":"article","og_title":"Embarquez pour l'Ilet la M\u00e8re ou Cacao avec Sotalie Excursions !","og_description":"Partez en excursion priv\u00e9e en bateau : explorez l'ilet la M\u00e8re, les dauphins, les couchers de soleil aux ilets ou Cacao !","og_url":"https:\/\/sotalie.com\/","article_publisher":"https:\/\/www.facebook.com\/4mounmax","article_modified_time":"2025-09-22T19:00:25+00:00","og_image":[{"width":1920,"height":2560,"url":"https:\/\/sotalie.com\/wp-content\/uploads\/2025\/02\/IMG_85691-scaled.jpg","type":"image\/jpeg"}],"twitter_card":"summary_large_image","twitter_misc":{"Dur\u00e9e de lecture estim\u00e9e":"2 minutes"},"schema":{"@context":"https:\/\/schema.org","@graph":[{"@type":"WebPage","@id":"https:\/\/sotalie.com\/","url":"https:\/\/sotalie.com\/","name":"L'ilet la M\u00e8re en bateau","isPartOf":{"@id":"https:\/\/sotalie.com\/#website"},"primaryImageOfPage":{"@id":"https:\/\/sotalie.com\/#primaryimage"},"image":{"@id":"https:\/\/sotalie.com\/#primaryimage"},"thumbnailUrl":"https:\/\/sotalie.com\/wp-content\/uploads\/2025\/02\/cropped-LOGO-SOTALIE-1.png","datePublished":"2024-04-12T15:22:43+00:00","dateModified":"2025-09-22T19:00:25+00:00","description":"Partez en excursion priv\u00e9e en bateau : explorez l'ilet la M\u00e8re, les dauphins, les couchers de soleil aux ilets ou Cacao !","breadcrumb":{"@id":"https:\/\/sotalie.com\/#breadcrumb"},"inLanguage":"fr-FR","potentialAction":[{"@type":"ReadAction","target":["https:\/\/sotalie.com\/"]}]},{"@type":"ImageObject","inLanguage":"fr-FR","@id":"https:\/\/sotalie.com\/#primaryimage","url":"https:\/\/sotalie.com\/wp-content\/uploads\/2025\/02\/cropped-LOGO-SOTALIE-1.png","contentUrl":"https:\/\/sotalie.com\/wp-content\/uploads\/2025\/02\/cropped-LOGO-SOTALIE-1.png","width":1585,"height":1505,"caption":"Sotalie excursions"},{"@type":"BreadcrumbList","@id":"https:\/\/sotalie.com\/#breadcrumb","itemListElement":[{"@type":"ListItem","position":1,"name":"Accueil","item":"https:\/\/sotalie.com\/"},{"@type":"ListItem","position":2,"name":"Embarquez pour l&#8217;Ilet la M\u00e8re ou Cacao avec Sotalie Excursions !"}]},{"@type":"WebSite","@id":"https:\/\/sotalie.com\/#website","url":"https:\/\/sotalie.com\/","name":"Tourisme Bateau Guyane","description":"","publisher":{"@id":"https:\/\/sotalie.com\/#organization"},"potentialAction":[{"@type":"SearchAction","target":{"@type":"EntryPoint","urlTemplate":"https:\/\/sotalie.com\/?s={search_term_string}"},"query-input":{"@type":"PropertyValueSpecification","valueRequired":true,"valueName":"search_term_string"}}],"inLanguage":"fr-FR"},{"@type":"Organization","@id":"https:\/\/sotalie.com\/#organization","name":"Tourisme Bateau Guyane","url":"https:\/\/sotalie.com\/","logo":{"@type":"ImageObject","inLanguage":"fr-FR","@id":"https:\/\/sotalie.com\/#\/schema\/logo\/image\/","url":"https:\/\/sotalie.com\/wp-content\/uploads\/2025\/02\/cropped-LOGO-SOTALIE-1.png","contentUrl":"https:\/\/sotalie.com\/wp-content\/uploads\/2025\/02\/cropped-LOGO-SOTALIE-1.png","width":1585,"height":1505,"caption":"Tourisme Bateau Guyane"},"image":{"@id":"https:\/\/sotalie.com\/#\/schema\/logo\/image\/"},"sameAs":["https:\/\/www.facebook.com\/4mounmax"]}]}},"_links":{"self":[{"href":"https:\/\/sotalie.com\/index.php\/wp-json\/wp\/v2\/pages\/24","targetHints":{"allow":["GET"]}}],"collection":[{"href":"https:\/\/sotalie.com\/index.php\/wp-json\/wp\/v2\/pages"}],"about":[{"href":"https:\/\/sotalie.com\/index.php\/wp-json\/wp\/v2\/types\/page"}],"author":[{"embeddable":true,"href":"https:\/\/sotalie.com\/index.php\/wp-json\/wp\/v2\/users\/1"}],"replies":[{"embeddable":true,"href":"https:\/\/sotalie.com\/index.php\/wp-json\/wp\/v2\/comments?post=24"}],"version-history":[{"count":130,"href":"https:\/\/sotalie.com\/index.php\/wp-json\/wp\/v2\/pages\/24\/revisions"}],"predecessor-version":[{"id":675,"href":"https:\/\/sotalie.com\/index.php\/wp-json\/wp\/v2\/pages\/24\/revisions\/675"}],"wp:featuredmedia":[{"embeddable":true,"href":"https:\/\/sotalie.com\/index.php\/wp-json\/wp\/v2\/media\/460"}],"wp:attachment":[{"href":"https:\/\/sotalie.com\/index.php\/wp-json\/wp\/v2\/media?parent=24"}],"curies":[{"name":"wp","href":"https:\/\/api.w.org\/{rel}","templated":true}]}}