{"id":33,"date":"2024-04-13T14:05:23","date_gmt":"2024-04-13T12:05:23","guid":{"rendered":"http:\/\/192.168.56.1\/woocommerce\/?page_id=33"},"modified":"2024-11-12T08:25:55","modified_gmt":"2024-11-12T11:25:55","slug":"cgs","status":"publish","type":"page","link":"https:\/\/sotalie.com\/index.php\/cgs\/","title":{"rendered":"CGV"},"content":{"rendered":"\n<p><\/p>\n\n\n\n<p>Les pr\u00e9sentes conditions de vente sont conclues d\u2019une part par SOTALIE dont le si\u00e8ge se situe Avenue saint Dominique 97354 REMIRE MONTJOLY, immatricul\u00e9e au registre du commerce et des soci\u00e9t\u00e9s de Cayenne sous le num\u00e9ro 930 920 533 00013 ci-apr\u00e8s d\u00e9nomm\u00e9e \u00ab SOTALIE \u00bb et d\u2019autre part, par toute personne physique ou morale souhaitant proc\u00e9der \u00e0 un achat via le site Internet de \u00ab SOTALIE \u00bb et d\u00e9nomm\u00e9e ci-apr\u00e8s \u00ab l\u2019acheteur \u00bb.<\/p>\n\n\n\n<p><strong>Objet<\/strong><\/p>\n\n\n\n<p>Les pr\u00e9sentes conditions de vente visent \u00e0 d\u00e9finir les relations contractuelles entre SOTALIE et l\u2019acheteur et les conditions applicables \u00e0 tout achat effectu\u00e9 par le biais du site marchand de SOTALIE, que l\u2019acheteur soit professionnel ou consommateur. L\u2019acquisition d\u2019un bien ou d\u2019un service \u00e0 travers le pr\u00e9sent site implique une acceptation sans r\u00e9serve par l\u2019acheteur des pr\u00e9sentes conditions de vente. Ces conditions de vente pr\u00e9vaudront sur toutes autres conditions g\u00e9n\u00e9rales ou particuli\u00e8res non express\u00e9ment agr\u00e9\u00e9es par SOTALIE. SOTALIE se r\u00e9serve de pouvoir modifier ses conditions de vente \u00e0 tout moment. Dans ce cas, les conditions applicables seront celles en vigueur \u00e0 la date de la commande par l\u2019acheteur. Caract\u00e9ristiques des biens et services propos\u00e9s Les produits et services offerts sont ceux qui figurent dans le catalogue publi\u00e9 dans le site de SOTALIE. Ces produits et services sont offerts dans la limite des places disponibles.<\/p>\n\n\n\n<p><strong>Tarifs<\/strong><\/p>\n\n\n\n<p>Les prix figurant dans le catalogue sont des prix nets en euro. SOTALIE se r\u00e9serve de modifier ses prix \u00e0 tout moment, \u00e9tant toutefois entendu que le prix figurant au catalogue le jour de la commande sera le seul applicable \u00e0 l\u2019acheteur.<\/p>\n\n\n\n<p><strong>Commandes<\/strong><\/p>\n\n\n\n<p>L\u2019acheteur, qui souhaite acheter un produit ou un service doit obligatoirement :<\/p>\n\n\n\n<p>\u2013 R\u00e9server sa ou ses place(s) par t\u00e9l\u00e9phone, mail ou autre moyen \u00e0 SOTALIE<\/p>\n\n\n\n<p>\u2013 Confirmer sa r\u00e9servation sur le site de SOTALIE en versant un acompte ou la totalit\u00e9<\/p>\n\n\n\n<p>\u2013 Pour ce faire il doit \u2013 remplir la fiche d\u2019identification sur laquelle il indiquera toutes les coordonn\u00e9es demand\u00e9es ou donner son num\u00e9ro de client s\u2019il en a un; \u2013 remplir le bon de commande en ligne en donnant toutes les r\u00e9f\u00e9rences des produits ou services choisis; \u2013 valider sa commande apr\u00e8s l\u2019avoir v\u00e9rifi\u00e9e; \u2013 effectuer le paiement dans les conditions pr\u00e9vues;- confirmer sa commande et son r\u00e8glement.<\/p>\n\n\n\n<p>La confirmation de la commande entra\u00eene acceptation des pr\u00e9sentes conditions de vente, la reconnaissance d\u2019en avoir parfaite connaissance et la renonciation \u00e0 se pr\u00e9valoir de ses propres conditions d\u2019achat ou d\u2019autres conditions.<\/p>\n\n\n\n<p>L\u2019ensemble des donn\u00e9es fournies et la confirmation enregistr\u00e9e vaudront preuve de la transaction. La confirmation vaudra signature et acceptation des op\u00e9rations effectu\u00e9es.<\/p>\n\n\n\n<p>Le vendeur communiquera par courrier \u00e9lectronique confirmation de la commande enregistr\u00e9e.<\/p>\n\n\n\n<p><strong>R\u00e9tractation<\/strong><\/p>\n\n\n\n<p>Les acheteurs, personnes physiques non professionnelles, b\u00e9n\u00e9ficient d\u2019un d\u00e9lai de r\u00e9tractation, dans nos plages de horaires des r\u00e9servations, de huit jours pour remboursement sans p\u00e9nalit\u00e9. Dans le cas o\u00f9 cette annulation se fait 7 jours avant la date de d\u00e9part SOTALIE retiendra 25 % du montant total, jusqu\u2019\u00e0 2 jours avant la date 50 %, \u00e0 moins de 2 jours aucun remboursement. La pluie n\u2019est pas une cause d\u2019annulation.<\/p>\n\n\n\n<p><strong>Modalit\u00e9s de paiement<\/strong><\/p>\n\n\n\n<p>Le prix est exigible \u00e0 la commande soit dans sa totalit\u00e9 soit \u00e0 hauteur de 100% du montant total. Les paiements concernant la confirmation de r\u00e9servation seront effectu\u00e9s par carte bancaire ; Le compte de l\u2019acheteur sera d\u00e9bit\u00e9 au moment de la transaction commerciale et financi\u00e8re. \u00c0 la demande de l\u2019acheteur, il lui sera adress\u00e9 une facture sur papier.<\/p>\n\n\n\n<p><strong>R\u00e9alisation de la prestation<\/strong><\/p>\n\n\n\n<p>Si pour une raison ou une autre SOTALIE ne peut assurer la prestation \u00e0 laquelle le client a souscrit (panne sur le bateau, mer difficile, maladie du personnel\u2026) celle-ci lui sera int\u00e9gralement rembours\u00e9e. SOTALIE a une assurance RC. Toutefois le client reste responsable de ses imprudences. Tout objet de valeur soit par perte soit par vol ne peut \u00eatre rembours\u00e9 par SOTALIE.<\/p>\n\n\n\n<p><strong>Garantie<\/strong><\/p>\n\n\n\n<p>Tous les produits fournis par le vendeur b\u00e9n\u00e9ficient de la garantie l\u00e9gale pr\u00e9vue par les articles 1641 et suivants du Code civil. Toutes les r\u00e9clamations ou de demande de remboursement doivent s\u2019effectuer par voie postale \u00e0 l\u2019adresse suivante : SOTALIE, 37 avenue saint Dominique 97354 REMIRE MONTJOLY dans le d\u00e9lai de trente jours de l\u2019ex\u00e9cution de la prestation.<\/p>\n\n\n\n<p><strong>Responsabilit\u00e9<\/strong><\/p>\n\n\n\n<p>Le vendeur, dans le processus de vente en ligne, n\u2019est tenu que par une obligation de moyens; sa responsabilit\u00e9 ne pourra \u00eatre engag\u00e9e pour un dommage r\u00e9sultant de l\u2019utilisation du r\u00e9seau Internet tel que perte de donn\u00e9es, intrusion, virus, rupture du service, ou autres probl\u00e8mes involontaires.<\/p>\n\n\n\n<p><strong>Propri\u00e9t\u00e9 intellectuelle<\/strong><\/p>\n\n\n\n<p>Tous les \u00e9l\u00e9ments du site de SOTALIE sont et restent la propri\u00e9t\u00e9 intellectuelle et exclusive de SOTALIE. Personne n\u2019est autoris\u00e9 \u00e0 reproduire, exploiter, rediffuser, ou utiliser \u00e0 quelque titre que ce soit, m\u00eame partiellement, des \u00e9l\u00e9ments du site qu\u2019ils soient logiciels, visuels ou sonores. Tout lien simple ou par hypertexte est strictement interdit sans un accord \u00e9crit expr\u00e8s de SOTALIE.<\/p>\n\n\n\n<p><strong>Donn\u00e9es \u00e0 caract\u00e8re personnel<\/strong><\/p>\n\n\n\n<p>Conform\u00e9ment au R\u00e8glement g\u00e9n\u00e9ral sur la protection des donn\u00e9es (RGPD) du 25 mai 2018, les informations \u00e0 caract\u00e8re nominatif relatives aux acheteurs pourront faire l\u2019objet d\u2019un traitement automatis\u00e9. SOTALIE ne collectera pas d\u2019informations sur les acheteurs y compris en utilisant des cookies.<\/p>\n\n\n\n<p><strong>Archivage-Preuve<\/strong><\/p>\n\n\n\n<p>SOTALIE archivera les bons de commandes et les factures sur un support fiable et durable constituant une copie fid\u00e8le conform\u00e9ment aux dispositions de l\u2019article 1348 du Code civil. Les registres informatis\u00e9s de SOTALIE seront consid\u00e9r\u00e9s par les parties comme preuve des communications, commandes, paiements et transactions intervenus entre les parties.<\/p>\n\n\n\n<p><strong>R\u00e8glement des litiges<\/strong> <\/p>\n\n\n\n<p>Les pr\u00e9sentes conditions de vente en ligne sont soumises \u00e0 la loi fran\u00e7aise. En cas de litige, comp\u00e9tence est attribu\u00e9e aux tribunaux comp\u00e9tents de Cayenne, nonobstant pluralit\u00e9 de d\u00e9fendeurs ou appel en garantie.<\/p>\n\n\n\n<p><strong>MENTIONS L\u00c9GALES<\/strong><\/p>\n\n\n\n<p>Conform\u00e9ment aux dispositions de la loi n\u00b02004-575 du 21 juin 2004 pour la Confiance en l\u2019\u00e9conomie num\u00e9rique, il est port\u00e9 \u00e0 la connaissance des utilisateurs et visiteurs, les pr\u00e9sentes mentions l\u00e9gales.<\/p>\n\n\n\n<p><strong>Edition du site<\/strong><\/p>\n\n\n\n<p>L\u2019\u00e9dition et la direction de la publication du Site accessible \u00e0 l\u2019URL www.sotalie.com, est assur\u00e9 par :<\/p>\n\n\n\n<p>Guillaume BELLEMARE, r\u00e9sidant C5 15 AVENUE SAINT-DOMINIQUE 97354 REMIRE-MONTJOLY.<br><\/p>\n\n\n\n<p><strong>H\u00e9bergement<\/strong><\/p>\n\n\n\n<p>Le Site est h\u00e9berg\u00e9 par la soci\u00e9t\u00e9 Hostinger International LTD, dont\u00a0:<\/p>\n\n\n\n<p>&#8211; le si\u00e8ge social est situ\u00e9 au\u00a0 \u0160vitrigailos str. 34 03230 Vilnius, Lithuania<\/p>\n\n\n\n<p>&#8211; le num\u00e9ro de t\u00e9l\u00e9phone&nbsp;: +37064503378<\/p>\n\n\n\n<p>&#8211; le contact email : <a href=\"https:\/\/www.hostinger.fr\/contact\">https:\/\/www.hostinger.fr\/contact<\/a><\/p>\n\n\n\n<p><strong>Acces au site<\/strong><\/p>\n\n\n\n<p>Le Site est normalement accessible, \u00e0 tout moment, \u00e0 l&#8217;Utilisateur. Toutefois, l&#8217;Editeur pourra, \u00e0 tout moment, suspendre, limiter ou interrompre le Site afin de proc\u00e9der, notamment, \u00e0 des mises \u00e0 jour ou des modifications de son contenu. L&#8217;Editeur ne pourra en aucun cas \u00eatre tenu responsable des cons\u00e9quences \u00e9ventuelles de cette indisponibilit\u00e9 sur les activit\u00e9s de l&#8217;Utilisateur.<\/p>\n\n\n\n<p>Toute utilisation, reproduction, diffusion, commercialisation, modification de toute ou partie du Site, sans autorisation expresse de l\u2019Editeur est prohib\u00e9e et pourra entra\u00eener des actions et poursuites judiciaires telles que pr\u00e9vues par la r\u00e8glementation en vigueur.<\/p>\n\n\n\n<p><strong>Nous contacter<\/strong><br>Par t\u00e9l\u00e9phone\u00a0: +33766043639<\/p>\n\n\n\n<p>Par email\u00a0: guillaume.blmr@outlook.fr <\/p>\n\n\n\n<p>Par courrier\u00a0: C5 15 AVENUE SAINT-DOMINIQUE 97354 REMIRE-MONTJOLY<\/p>\n","protected":false},"excerpt":{"rendered":"<p>Les pr\u00e9sentes conditions de vente sont conclues d\u2019une part par SOTALIE dont le si\u00e8ge se situe Avenue saint Dominique 97354 REMIRE MONTJOLY, immatricul\u00e9e au registre du commerce et des soci\u00e9t\u00e9s de Cayenne sous le num\u00e9ro 930 920 533 00013 ci-apr\u00e8s d\u00e9nomm\u00e9e \u00ab SOTALIE \u00bb et d\u2019autre part, par toute personne physique ou morale souhaitant proc\u00e9der&hellip;<\/p>\n","protected":false},"author":1,"featured_media":0,"parent":0,"menu_order":0,"comment_status":"closed","ping_status":"closed","template":"","meta":{"footnotes":""},"class_list":["post-33","page","type-page","status-publish","hentry"],"yoast_head":"<!-- This site is optimized with the Yoast SEO plugin v25.4 - https:\/\/yoast.com\/wordpress\/plugins\/seo\/ -->\n<title>CGV -<\/title>\n<meta name=\"robots\" content=\"index, follow, max-snippet:-1, max-image-preview:large, max-video-preview:-1\" \/>\n<link rel=\"canonical\" href=\"https:\/\/sotalie.com\/index.php\/cgs\/\" \/>\n<meta property=\"og:locale\" content=\"fr_FR\" \/>\n<meta property=\"og:type\" content=\"article\" \/>\n<meta property=\"og:title\" content=\"CGV -\" \/>\n<meta property=\"og:description\" content=\"Les pr\u00e9sentes conditions de vente sont conclues d\u2019une part par SOTALIE dont le si\u00e8ge se situe Avenue saint Dominique 97354 REMIRE MONTJOLY, immatricul\u00e9e au registre du commerce et des soci\u00e9t\u00e9s de Cayenne sous le num\u00e9ro 930 920 533 00013 ci-apr\u00e8s d\u00e9nomm\u00e9e \u00ab SOTALIE \u00bb et d\u2019autre part, par toute personne physique ou morale souhaitant proc\u00e9der&hellip;\" \/>\n<meta property=\"og:url\" content=\"https:\/\/sotalie.com\/index.php\/cgs\/\" \/>\n<meta property=\"article:publisher\" content=\"https:\/\/www.facebook.com\/4mounmax\" \/>\n<meta property=\"article:modified_time\" content=\"2024-11-12T11:25:55+00:00\" \/>\n<meta name=\"twitter:card\" content=\"summary_large_image\" \/>\n<meta name=\"twitter:label1\" content=\"Dur\u00e9e de lecture estim\u00e9e\" \/>\n\t<meta name=\"twitter:data1\" content=\"6 minutes\" \/>\n<script type=\"application\/ld+json\" class=\"yoast-schema-graph\">{\"@context\":\"https:\/\/schema.org\",\"@graph\":[{\"@type\":\"WebPage\",\"@id\":\"https:\/\/sotalie.com\/index.php\/cgs\/\",\"url\":\"https:\/\/sotalie.com\/index.php\/cgs\/\",\"name\":\"CGV -\",\"isPartOf\":{\"@id\":\"https:\/\/sotalie.com\/#website\"},\"datePublished\":\"2024-04-13T12:05:23+00:00\",\"dateModified\":\"2024-11-12T11:25:55+00:00\",\"breadcrumb\":{\"@id\":\"https:\/\/sotalie.com\/index.php\/cgs\/#breadcrumb\"},\"inLanguage\":\"fr-FR\",\"potentialAction\":[{\"@type\":\"ReadAction\",\"target\":[\"https:\/\/sotalie.com\/index.php\/cgs\/\"]}]},{\"@type\":\"BreadcrumbList\",\"@id\":\"https:\/\/sotalie.com\/index.php\/cgs\/#breadcrumb\",\"itemListElement\":[{\"@type\":\"ListItem\",\"position\":1,\"name\":\"Accueil\",\"item\":\"https:\/\/sotalie.com\/\"},{\"@type\":\"ListItem\",\"position\":2,\"name\":\"CGV\"}]},{\"@type\":\"WebSite\",\"@id\":\"https:\/\/sotalie.com\/#website\",\"url\":\"https:\/\/sotalie.com\/\",\"name\":\"Tourisme Bateau Guyane\",\"description\":\"\",\"publisher\":{\"@id\":\"https:\/\/sotalie.com\/#organization\"},\"potentialAction\":[{\"@type\":\"SearchAction\",\"target\":{\"@type\":\"EntryPoint\",\"urlTemplate\":\"https:\/\/sotalie.com\/?s={search_term_string}\"},\"query-input\":{\"@type\":\"PropertyValueSpecification\",\"valueRequired\":true,\"valueName\":\"search_term_string\"}}],\"inLanguage\":\"fr-FR\"},{\"@type\":\"Organization\",\"@id\":\"https:\/\/sotalie.com\/#organization\",\"name\":\"Tourisme Bateau Guyane\",\"url\":\"https:\/\/sotalie.com\/\",\"logo\":{\"@type\":\"ImageObject\",\"inLanguage\":\"fr-FR\",\"@id\":\"https:\/\/sotalie.com\/#\/schema\/logo\/image\/\",\"url\":\"https:\/\/sotalie.com\/wp-content\/uploads\/2025\/02\/cropped-LOGO-SOTALIE-1.png\",\"contentUrl\":\"https:\/\/sotalie.com\/wp-content\/uploads\/2025\/02\/cropped-LOGO-SOTALIE-1.png\",\"width\":1585,\"height\":1505,\"caption\":\"Tourisme Bateau Guyane\"},\"image\":{\"@id\":\"https:\/\/sotalie.com\/#\/schema\/logo\/image\/\"},\"sameAs\":[\"https:\/\/www.facebook.com\/4mounmax\"]}]}<\/script>\n<!-- \/ Yoast SEO plugin. -->","yoast_head_json":{"title":"CGV -","robots":{"index":"index","follow":"follow","max-snippet":"max-snippet:-1","max-image-preview":"max-image-preview:large","max-video-preview":"max-video-preview:-1"},"canonical":"https:\/\/sotalie.com\/index.php\/cgs\/","og_locale":"fr_FR","og_type":"article","og_title":"CGV -","og_description":"Les pr\u00e9sentes conditions de vente sont conclues d\u2019une part par SOTALIE dont le si\u00e8ge se situe Avenue saint Dominique 97354 REMIRE MONTJOLY, immatricul\u00e9e au registre du commerce et des soci\u00e9t\u00e9s de Cayenne sous le num\u00e9ro 930 920 533 00013 ci-apr\u00e8s d\u00e9nomm\u00e9e \u00ab SOTALIE \u00bb et d\u2019autre part, par toute personne physique ou morale souhaitant proc\u00e9der&hellip;","og_url":"https:\/\/sotalie.com\/index.php\/cgs\/","article_publisher":"https:\/\/www.facebook.com\/4mounmax","article_modified_time":"2024-11-12T11:25:55+00:00","twitter_card":"summary_large_image","twitter_misc":{"Dur\u00e9e de lecture estim\u00e9e":"6 minutes"},"schema":{"@context":"https:\/\/schema.org","@graph":[{"@type":"WebPage","@id":"https:\/\/sotalie.com\/index.php\/cgs\/","url":"https:\/\/sotalie.com\/index.php\/cgs\/","name":"CGV -","isPartOf":{"@id":"https:\/\/sotalie.com\/#website"},"datePublished":"2024-04-13T12:05:23+00:00","dateModified":"2024-11-12T11:25:55+00:00","breadcrumb":{"@id":"https:\/\/sotalie.com\/index.php\/cgs\/#breadcrumb"},"inLanguage":"fr-FR","potentialAction":[{"@type":"ReadAction","target":["https:\/\/sotalie.com\/index.php\/cgs\/"]}]},{"@type":"BreadcrumbList","@id":"https:\/\/sotalie.com\/index.php\/cgs\/#breadcrumb","itemListElement":[{"@type":"ListItem","position":1,"name":"Accueil","item":"https:\/\/sotalie.com\/"},{"@type":"ListItem","position":2,"name":"CGV"}]},{"@type":"WebSite","@id":"https:\/\/sotalie.com\/#website","url":"https:\/\/sotalie.com\/","name":"Tourisme Bateau Guyane","description":"","publisher":{"@id":"https:\/\/sotalie.com\/#organization"},"potentialAction":[{"@type":"SearchAction","target":{"@type":"EntryPoint","urlTemplate":"https:\/\/sotalie.com\/?s={search_term_string}"},"query-input":{"@type":"PropertyValueSpecification","valueRequired":true,"valueName":"search_term_string"}}],"inLanguage":"fr-FR"},{"@type":"Organization","@id":"https:\/\/sotalie.com\/#organization","name":"Tourisme Bateau Guyane","url":"https:\/\/sotalie.com\/","logo":{"@type":"ImageObject","inLanguage":"fr-FR","@id":"https:\/\/sotalie.com\/#\/schema\/logo\/image\/","url":"https:\/\/sotalie.com\/wp-content\/uploads\/2025\/02\/cropped-LOGO-SOTALIE-1.png","contentUrl":"https:\/\/sotalie.com\/wp-content\/uploads\/2025\/02\/cropped-LOGO-SOTALIE-1.png","width":1585,"height":1505,"caption":"Tourisme Bateau Guyane"},"image":{"@id":"https:\/\/sotalie.com\/#\/schema\/logo\/image\/"},"sameAs":["https:\/\/www.facebook.com\/4mounmax"]}]}},"_links":{"self":[{"href":"https:\/\/sotalie.com\/index.php\/wp-json\/wp\/v2\/pages\/33","targetHints":{"allow":["GET"]}}],"collection":[{"href":"https:\/\/sotalie.com\/index.php\/wp-json\/wp\/v2\/pages"}],"about":[{"href":"https:\/\/sotalie.com\/index.php\/wp-json\/wp\/v2\/types\/page"}],"author":[{"embeddable":true,"href":"https:\/\/sotalie.com\/index.php\/wp-json\/wp\/v2\/users\/1"}],"replies":[{"embeddable":true,"href":"https:\/\/sotalie.com\/index.php\/wp-json\/wp\/v2\/comments?post=33"}],"version-history":[{"count":9,"href":"https:\/\/sotalie.com\/index.php\/wp-json\/wp\/v2\/pages\/33\/revisions"}],"predecessor-version":[{"id":285,"href":"https:\/\/sotalie.com\/index.php\/wp-json\/wp\/v2\/pages\/33\/revisions\/285"}],"wp:attachment":[{"href":"https:\/\/sotalie.com\/index.php\/wp-json\/wp\/v2\/media?parent=33"}],"curies":[{"name":"wp","href":"https:\/\/api.w.org\/{rel}","templated":true}]}}