{"id":84,"date":"2024-04-24T20:30:07","date_gmt":"2024-04-24T18:30:07","guid":{"rendered":"http:\/\/192.168.56.1\/woocommerce\/index.php\/my-bookings\/"},"modified":"2025-02-19T15:39:06","modified_gmt":"2025-02-19T18:39:06","slug":"my-bookings","status":"publish","type":"page","link":"https:\/\/sotalie.com\/index.php\/my-bookings\/","title":{"rendered":"Mes r\u00e9servations"},"content":{"rendered":"<div class=\"wp-block-bookingpress-bookingpress-my-booking\">[bookingpress_my_appointments]<\/div>\n","protected":false},"excerpt":{"rendered":"<p>[bookingpress_my_appointments]<\/p>\n","protected":false},"author":1,"featured_media":0,"parent":0,"menu_order":0,"comment_status":"open","ping_status":"open","template":"","meta":{"footnotes":""},"class_list":["post-84","page","type-page","status-publish","hentry"],"yoast_head":"<!-- This site is optimized with the Yoast SEO plugin v25.4 - https:\/\/yoast.com\/wordpress\/plugins\/seo\/ -->\n<title>Mes r\u00e9servations -<\/title>\n<meta name=\"description\" content=\"Embarquez avec Sotalie : op\u00e9rateur touristique d&#039;excursions en bateau \u00e0 l\u2019\u00eelet la M\u00e8re, dauphin de Guyane et sur le fleuve jusqu\u2019\u00e0 Cacao\" \/>\n<meta name=\"robots\" content=\"index, follow, max-snippet:-1, max-image-preview:large, max-video-preview:-1\" \/>\n<link rel=\"canonical\" href=\"https:\/\/sotalie.com\/index.php\/my-bookings\/\" \/>\n<meta property=\"og:locale\" content=\"fr_FR\" \/>\n<meta property=\"og:type\" content=\"article\" \/>\n<meta property=\"og:title\" content=\"Mes r\u00e9servations -\" \/>\n<meta property=\"og:description\" content=\"Embarquez avec Sotalie : op\u00e9rateur touristique d&#039;excursions en bateau \u00e0 l\u2019\u00eelet la M\u00e8re, dauphin de Guyane et sur le fleuve jusqu\u2019\u00e0 Cacao\" \/>\n<meta property=\"og:url\" content=\"https:\/\/sotalie.com\/index.php\/my-bookings\/\" \/>\n<meta property=\"article:publisher\" content=\"https:\/\/www.facebook.com\/4mounmax\" \/>\n<meta property=\"article:modified_time\" content=\"2025-02-19T18:39:06+00:00\" \/>\n<meta name=\"twitter:card\" content=\"summary_large_image\" \/>\n<meta name=\"twitter:label1\" content=\"Dur\u00e9e de lecture estim\u00e9e\" \/>\n\t<meta name=\"twitter:data1\" content=\"1 minute\" \/>\n<script type=\"application\/ld+json\" class=\"yoast-schema-graph\">{\"@context\":\"https:\/\/schema.org\",\"@graph\":[{\"@type\":\"WebPage\",\"@id\":\"https:\/\/sotalie.com\/index.php\/my-bookings\/\",\"url\":\"https:\/\/sotalie.com\/index.php\/my-bookings\/\",\"name\":\"Mes r\u00e9servations -\",\"isPartOf\":{\"@id\":\"https:\/\/sotalie.com\/#website\"},\"datePublished\":\"2024-04-24T18:30:07+00:00\",\"dateModified\":\"2025-02-19T18:39:06+00:00\",\"description\":\"Embarquez avec Sotalie : op\u00e9rateur touristique d'excursions en bateau \u00e0 l\u2019\u00eelet la M\u00e8re, dauphin de Guyane et sur le fleuve jusqu\u2019\u00e0 Cacao\",\"breadcrumb\":{\"@id\":\"https:\/\/sotalie.com\/index.php\/my-bookings\/#breadcrumb\"},\"inLanguage\":\"fr-FR\",\"potentialAction\":[{\"@type\":\"ReadAction\",\"target\":[\"https:\/\/sotalie.com\/index.php\/my-bookings\/\"]}]},{\"@type\":\"BreadcrumbList\",\"@id\":\"https:\/\/sotalie.com\/index.php\/my-bookings\/#breadcrumb\",\"itemListElement\":[{\"@type\":\"ListItem\",\"position\":1,\"name\":\"Accueil\",\"item\":\"https:\/\/sotalie.com\/\"},{\"@type\":\"ListItem\",\"position\":2,\"name\":\"Mes r\u00e9servations\"}]},{\"@type\":\"WebSite\",\"@id\":\"https:\/\/sotalie.com\/#website\",\"url\":\"https:\/\/sotalie.com\/\",\"name\":\"Tourisme Bateau Guyane\",\"description\":\"\",\"publisher\":{\"@id\":\"https:\/\/sotalie.com\/#organization\"},\"potentialAction\":[{\"@type\":\"SearchAction\",\"target\":{\"@type\":\"EntryPoint\",\"urlTemplate\":\"https:\/\/sotalie.com\/?s={search_term_string}\"},\"query-input\":{\"@type\":\"PropertyValueSpecification\",\"valueRequired\":true,\"valueName\":\"search_term_string\"}}],\"inLanguage\":\"fr-FR\"},{\"@type\":\"Organization\",\"@id\":\"https:\/\/sotalie.com\/#organization\",\"name\":\"Tourisme Bateau Guyane\",\"url\":\"https:\/\/sotalie.com\/\",\"logo\":{\"@type\":\"ImageObject\",\"inLanguage\":\"fr-FR\",\"@id\":\"https:\/\/sotalie.com\/#\/schema\/logo\/image\/\",\"url\":\"https:\/\/sotalie.com\/wp-content\/uploads\/2025\/02\/cropped-LOGO-SOTALIE-1.png\",\"contentUrl\":\"https:\/\/sotalie.com\/wp-content\/uploads\/2025\/02\/cropped-LOGO-SOTALIE-1.png\",\"width\":1585,\"height\":1505,\"caption\":\"Tourisme Bateau Guyane\"},\"image\":{\"@id\":\"https:\/\/sotalie.com\/#\/schema\/logo\/image\/\"},\"sameAs\":[\"https:\/\/www.facebook.com\/4mounmax\"]}]}<\/script>\n<!-- \/ Yoast SEO plugin. -->","yoast_head_json":{"title":"Mes r\u00e9servations -","description":"Embarquez avec Sotalie : op\u00e9rateur touristique d'excursions en bateau \u00e0 l\u2019\u00eelet la M\u00e8re, dauphin de Guyane et sur le fleuve jusqu\u2019\u00e0 Cacao","robots":{"index":"index","follow":"follow","max-snippet":"max-snippet:-1","max-image-preview":"max-image-preview:large","max-video-preview":"max-video-preview:-1"},"canonical":"https:\/\/sotalie.com\/index.php\/my-bookings\/","og_locale":"fr_FR","og_type":"article","og_title":"Mes r\u00e9servations -","og_description":"Embarquez avec Sotalie : op\u00e9rateur touristique d'excursions en bateau \u00e0 l\u2019\u00eelet la M\u00e8re, dauphin de Guyane et sur le fleuve jusqu\u2019\u00e0 Cacao","og_url":"https:\/\/sotalie.com\/index.php\/my-bookings\/","article_publisher":"https:\/\/www.facebook.com\/4mounmax","article_modified_time":"2025-02-19T18:39:06+00:00","twitter_card":"summary_large_image","twitter_misc":{"Dur\u00e9e de lecture estim\u00e9e":"1 minute"},"schema":{"@context":"https:\/\/schema.org","@graph":[{"@type":"WebPage","@id":"https:\/\/sotalie.com\/index.php\/my-bookings\/","url":"https:\/\/sotalie.com\/index.php\/my-bookings\/","name":"Mes r\u00e9servations -","isPartOf":{"@id":"https:\/\/sotalie.com\/#website"},"datePublished":"2024-04-24T18:30:07+00:00","dateModified":"2025-02-19T18:39:06+00:00","description":"Embarquez avec Sotalie : op\u00e9rateur touristique d'excursions en bateau \u00e0 l\u2019\u00eelet la M\u00e8re, dauphin de Guyane et sur le fleuve jusqu\u2019\u00e0 Cacao","breadcrumb":{"@id":"https:\/\/sotalie.com\/index.php\/my-bookings\/#breadcrumb"},"inLanguage":"fr-FR","potentialAction":[{"@type":"ReadAction","target":["https:\/\/sotalie.com\/index.php\/my-bookings\/"]}]},{"@type":"BreadcrumbList","@id":"https:\/\/sotalie.com\/index.php\/my-bookings\/#breadcrumb","itemListElement":[{"@type":"ListItem","position":1,"name":"Accueil","item":"https:\/\/sotalie.com\/"},{"@type":"ListItem","position":2,"name":"Mes r\u00e9servations"}]},{"@type":"WebSite","@id":"https:\/\/sotalie.com\/#website","url":"https:\/\/sotalie.com\/","name":"Tourisme Bateau Guyane","description":"","publisher":{"@id":"https:\/\/sotalie.com\/#organization"},"potentialAction":[{"@type":"SearchAction","target":{"@type":"EntryPoint","urlTemplate":"https:\/\/sotalie.com\/?s={search_term_string}"},"query-input":{"@type":"PropertyValueSpecification","valueRequired":true,"valueName":"search_term_string"}}],"inLanguage":"fr-FR"},{"@type":"Organization","@id":"https:\/\/sotalie.com\/#organization","name":"Tourisme Bateau Guyane","url":"https:\/\/sotalie.com\/","logo":{"@type":"ImageObject","inLanguage":"fr-FR","@id":"https:\/\/sotalie.com\/#\/schema\/logo\/image\/","url":"https:\/\/sotalie.com\/wp-content\/uploads\/2025\/02\/cropped-LOGO-SOTALIE-1.png","contentUrl":"https:\/\/sotalie.com\/wp-content\/uploads\/2025\/02\/cropped-LOGO-SOTALIE-1.png","width":1585,"height":1505,"caption":"Tourisme Bateau Guyane"},"image":{"@id":"https:\/\/sotalie.com\/#\/schema\/logo\/image\/"},"sameAs":["https:\/\/www.facebook.com\/4mounmax"]}]}},"_links":{"self":[{"href":"https:\/\/sotalie.com\/index.php\/wp-json\/wp\/v2\/pages\/84","targetHints":{"allow":["GET"]}}],"collection":[{"href":"https:\/\/sotalie.com\/index.php\/wp-json\/wp\/v2\/pages"}],"about":[{"href":"https:\/\/sotalie.com\/index.php\/wp-json\/wp\/v2\/types\/page"}],"author":[{"embeddable":true,"href":"https:\/\/sotalie.com\/index.php\/wp-json\/wp\/v2\/users\/1"}],"replies":[{"embeddable":true,"href":"https:\/\/sotalie.com\/index.php\/wp-json\/wp\/v2\/comments?post=84"}],"version-history":[{"count":1,"href":"https:\/\/sotalie.com\/index.php\/wp-json\/wp\/v2\/pages\/84\/revisions"}],"predecessor-version":[{"id":345,"href":"https:\/\/sotalie.com\/index.php\/wp-json\/wp\/v2\/pages\/84\/revisions\/345"}],"wp:attachment":[{"href":"https:\/\/sotalie.com\/index.php\/wp-json\/wp\/v2\/media?parent=84"}],"curies":[{"name":"wp","href":"https:\/\/api.w.org\/{rel}","templated":true}]}}