{"id":86,"date":"2024-04-24T20:30:07","date_gmt":"2024-04-24T18:30:07","guid":{"rendered":"http:\/\/192.168.56.1\/woocommerce\/index.php\/cancel-appointment\/"},"modified":"-0001-11-30T00:00:00","modified_gmt":"-0001-11-30T03:00:00","slug":"cancel-appointment","status":"publish","type":"page","link":"https:\/\/sotalie.com\/index.php\/cancel-appointment\/","title":{"rendered":"Rendez-vous annul\u00e9"},"content":{"rendered":"\n<div class=\"bpa-front-cancel-module-container\">\n<div class=\"bpa-front-cmc__title\">Nous sommes d\u00e9sol\u00e9s d&#039;apprendre que vous avez demand\u00e9 l&#039;annulation du rendez-vous.<\/div>\n<div class=\"bpa-front-cmc__desc\">Nous avons envoy\u00e9 une notification par e-mail pour annuler un rendez-vous. Veuillez cliquer sur le bouton pour annuler le rendez-vous.<\/div>\n<\/p><\/div>\n","protected":false},"excerpt":{"rendered":"<p>Nous sommes d\u00e9sol\u00e9s d&#039;apprendre que vous avez demand\u00e9 l&#039;annulation du rendez-vous. Nous avons envoy\u00e9 une notification par e-mail pour annuler un rendez-vous. Veuillez cliquer sur le bouton pour annuler le rendez-vous.<\/p>\n","protected":false},"author":1,"featured_media":0,"parent":0,"menu_order":0,"comment_status":"open","ping_status":"open","template":"","meta":{"footnotes":""},"class_list":["post-86","page","type-page","status-publish","hentry"],"yoast_head":"<!-- This site is optimized with the Yoast SEO plugin v25.4 - https:\/\/yoast.com\/wordpress\/plugins\/seo\/ -->\n<title>Rendez-vous annul\u00e9 -<\/title>\n<meta name=\"robots\" content=\"index, follow, max-snippet:-1, max-image-preview:large, max-video-preview:-1\" \/>\n<link rel=\"canonical\" href=\"https:\/\/sotalie.com\/index.php\/cancel-appointment\/\" \/>\n<meta property=\"og:locale\" content=\"fr_FR\" \/>\n<meta property=\"og:type\" content=\"article\" \/>\n<meta property=\"og:title\" content=\"Rendez-vous annul\u00e9 -\" \/>\n<meta property=\"og:description\" content=\"Nous sommes d\u00e9sol\u00e9s d&#039;apprendre que vous avez demand\u00e9 l&#039;annulation du rendez-vous. Nous avons envoy\u00e9 une notification par e-mail pour annuler un rendez-vous. Veuillez cliquer sur le bouton pour annuler le rendez-vous.\" \/>\n<meta property=\"og:url\" content=\"https:\/\/sotalie.com\/index.php\/cancel-appointment\/\" \/>\n<meta property=\"article:publisher\" content=\"https:\/\/www.facebook.com\/4mounmax\" \/>\n<meta name=\"twitter:card\" content=\"summary_large_image\" \/>\n<script type=\"application\/ld+json\" class=\"yoast-schema-graph\">{\"@context\":\"https:\/\/schema.org\",\"@graph\":[{\"@type\":\"WebPage\",\"@id\":\"https:\/\/sotalie.com\/index.php\/cancel-appointment\/\",\"url\":\"https:\/\/sotalie.com\/index.php\/cancel-appointment\/\",\"name\":\"Rendez-vous annul\u00e9 -\",\"isPartOf\":{\"@id\":\"https:\/\/sotalie.com\/#website\"},\"datePublished\":\"2024-04-24T18:30:07+00:00\",\"breadcrumb\":{\"@id\":\"https:\/\/sotalie.com\/index.php\/cancel-appointment\/#breadcrumb\"},\"inLanguage\":\"fr-FR\",\"potentialAction\":[{\"@type\":\"ReadAction\",\"target\":[\"https:\/\/sotalie.com\/index.php\/cancel-appointment\/\"]}]},{\"@type\":\"BreadcrumbList\",\"@id\":\"https:\/\/sotalie.com\/index.php\/cancel-appointment\/#breadcrumb\",\"itemListElement\":[{\"@type\":\"ListItem\",\"position\":1,\"name\":\"Accueil\",\"item\":\"https:\/\/sotalie.com\/\"},{\"@type\":\"ListItem\",\"position\":2,\"name\":\"Rendez-vous annul\u00e9\"}]},{\"@type\":\"WebSite\",\"@id\":\"https:\/\/sotalie.com\/#website\",\"url\":\"https:\/\/sotalie.com\/\",\"name\":\"Tourisme Bateau Guyane\",\"description\":\"\",\"publisher\":{\"@id\":\"https:\/\/sotalie.com\/#organization\"},\"potentialAction\":[{\"@type\":\"SearchAction\",\"target\":{\"@type\":\"EntryPoint\",\"urlTemplate\":\"https:\/\/sotalie.com\/?s={search_term_string}\"},\"query-input\":{\"@type\":\"PropertyValueSpecification\",\"valueRequired\":true,\"valueName\":\"search_term_string\"}}],\"inLanguage\":\"fr-FR\"},{\"@type\":\"Organization\",\"@id\":\"https:\/\/sotalie.com\/#organization\",\"name\":\"Tourisme Bateau Guyane\",\"url\":\"https:\/\/sotalie.com\/\",\"logo\":{\"@type\":\"ImageObject\",\"inLanguage\":\"fr-FR\",\"@id\":\"https:\/\/sotalie.com\/#\/schema\/logo\/image\/\",\"url\":\"https:\/\/sotalie.com\/wp-content\/uploads\/2025\/02\/cropped-LOGO-SOTALIE-1.png\",\"contentUrl\":\"https:\/\/sotalie.com\/wp-content\/uploads\/2025\/02\/cropped-LOGO-SOTALIE-1.png\",\"width\":1585,\"height\":1505,\"caption\":\"Tourisme Bateau Guyane\"},\"image\":{\"@id\":\"https:\/\/sotalie.com\/#\/schema\/logo\/image\/\"},\"sameAs\":[\"https:\/\/www.facebook.com\/4mounmax\"]}]}<\/script>\n<!-- \/ Yoast SEO plugin. -->","yoast_head_json":{"title":"Rendez-vous annul\u00e9 -","robots":{"index":"index","follow":"follow","max-snippet":"max-snippet:-1","max-image-preview":"max-image-preview:large","max-video-preview":"max-video-preview:-1"},"canonical":"https:\/\/sotalie.com\/index.php\/cancel-appointment\/","og_locale":"fr_FR","og_type":"article","og_title":"Rendez-vous annul\u00e9 -","og_description":"Nous sommes d\u00e9sol\u00e9s d&#039;apprendre que vous avez demand\u00e9 l&#039;annulation du rendez-vous. Nous avons envoy\u00e9 une notification par e-mail pour annuler un rendez-vous. Veuillez cliquer sur le bouton pour annuler le rendez-vous.","og_url":"https:\/\/sotalie.com\/index.php\/cancel-appointment\/","article_publisher":"https:\/\/www.facebook.com\/4mounmax","twitter_card":"summary_large_image","schema":{"@context":"https:\/\/schema.org","@graph":[{"@type":"WebPage","@id":"https:\/\/sotalie.com\/index.php\/cancel-appointment\/","url":"https:\/\/sotalie.com\/index.php\/cancel-appointment\/","name":"Rendez-vous annul\u00e9 -","isPartOf":{"@id":"https:\/\/sotalie.com\/#website"},"datePublished":"2024-04-24T18:30:07+00:00","breadcrumb":{"@id":"https:\/\/sotalie.com\/index.php\/cancel-appointment\/#breadcrumb"},"inLanguage":"fr-FR","potentialAction":[{"@type":"ReadAction","target":["https:\/\/sotalie.com\/index.php\/cancel-appointment\/"]}]},{"@type":"BreadcrumbList","@id":"https:\/\/sotalie.com\/index.php\/cancel-appointment\/#breadcrumb","itemListElement":[{"@type":"ListItem","position":1,"name":"Accueil","item":"https:\/\/sotalie.com\/"},{"@type":"ListItem","position":2,"name":"Rendez-vous annul\u00e9"}]},{"@type":"WebSite","@id":"https:\/\/sotalie.com\/#website","url":"https:\/\/sotalie.com\/","name":"Tourisme Bateau Guyane","description":"","publisher":{"@id":"https:\/\/sotalie.com\/#organization"},"potentialAction":[{"@type":"SearchAction","target":{"@type":"EntryPoint","urlTemplate":"https:\/\/sotalie.com\/?s={search_term_string}"},"query-input":{"@type":"PropertyValueSpecification","valueRequired":true,"valueName":"search_term_string"}}],"inLanguage":"fr-FR"},{"@type":"Organization","@id":"https:\/\/sotalie.com\/#organization","name":"Tourisme Bateau Guyane","url":"https:\/\/sotalie.com\/","logo":{"@type":"ImageObject","inLanguage":"fr-FR","@id":"https:\/\/sotalie.com\/#\/schema\/logo\/image\/","url":"https:\/\/sotalie.com\/wp-content\/uploads\/2025\/02\/cropped-LOGO-SOTALIE-1.png","contentUrl":"https:\/\/sotalie.com\/wp-content\/uploads\/2025\/02\/cropped-LOGO-SOTALIE-1.png","width":1585,"height":1505,"caption":"Tourisme Bateau Guyane"},"image":{"@id":"https:\/\/sotalie.com\/#\/schema\/logo\/image\/"},"sameAs":["https:\/\/www.facebook.com\/4mounmax"]}]}},"_links":{"self":[{"href":"https:\/\/sotalie.com\/index.php\/wp-json\/wp\/v2\/pages\/86","targetHints":{"allow":["GET"]}}],"collection":[{"href":"https:\/\/sotalie.com\/index.php\/wp-json\/wp\/v2\/pages"}],"about":[{"href":"https:\/\/sotalie.com\/index.php\/wp-json\/wp\/v2\/types\/page"}],"author":[{"embeddable":true,"href":"https:\/\/sotalie.com\/index.php\/wp-json\/wp\/v2\/users\/1"}],"replies":[{"embeddable":true,"href":"https:\/\/sotalie.com\/index.php\/wp-json\/wp\/v2\/comments?post=86"}],"version-history":[{"count":0,"href":"https:\/\/sotalie.com\/index.php\/wp-json\/wp\/v2\/pages\/86\/revisions"}],"wp:attachment":[{"href":"https:\/\/sotalie.com\/index.php\/wp-json\/wp\/v2\/media?parent=86"}],"curies":[{"name":"wp","href":"https:\/\/api.w.org\/{rel}","templated":true}]}}