{"id":9,"date":"2024-04-08T02:24:11","date_gmt":"2024-04-08T00:24:11","guid":{"rendered":"http:\/\/192.168.56.1\/woocommerce\/index.php\/panier\/"},"modified":"2024-04-08T02:24:11","modified_gmt":"2024-04-08T00:24:11","slug":"panier","status":"publish","type":"page","link":"https:\/\/sotalie.com\/index.php\/panier\/","title":{"rendered":"Panier"},"content":{"rendered":"\n<div data-block-name=\"woocommerce\/cart\" class=\"wp-block-woocommerce-cart alignwide is-loading\">\n<div data-block-name=\"woocommerce\/filled-cart-block\" class=\"wp-block-woocommerce-filled-cart-block\">\n<div data-block-name=\"woocommerce\/cart-items-block\" class=\"wp-block-woocommerce-cart-items-block\">\n<div data-block-name=\"woocommerce\/cart-line-items-block\" class=\"wp-block-woocommerce-cart-line-items-block\"><\/div>\n\n\n\n<div data-block-name=\"woocommerce\/cart-cross-sells-block\" class=\"wp-block-woocommerce-cart-cross-sells-block\">\n<h2 class=\"wp-block-heading has-large-font-size\">\u00c7a peut vous int\u00e9resser&#8230;<\/h2>\n\n\n\n<div data-block-name=\"woocommerce\/cart-cross-sells-products-block\" class=\"wp-block-woocommerce-cart-cross-sells-products-block\"><\/div>\n<\/div>\n<\/div>\n\n\n\n<div data-block-name=\"woocommerce\/cart-totals-block\" class=\"wp-block-woocommerce-cart-totals-block\">\n<div data-block-name=\"woocommerce\/cart-order-summary-block\" class=\"wp-block-woocommerce-cart-order-summary-block\">\n<div data-block-name=\"woocommerce\/cart-order-summary-heading-block\" class=\"wp-block-woocommerce-cart-order-summary-heading-block\"><\/div><div data-block-name=\"woocommerce\/cart-order-summary-coupon-form-block\" class=\"wp-block-woocommerce-cart-order-summary-coupon-form-block\"><\/div><div data-block-name=\"woocommerce\/cart-order-summary-totals-block\" class=\"wp-block-woocommerce-cart-order-summary-totals-block\">\n<div data-block-name=\"woocommerce\/cart-order-summary-subtotal-block\" class=\"wp-block-woocommerce-cart-order-summary-subtotal-block\"><\/div>\n<div data-block-name=\"woocommerce\/cart-order-summary-discount-block\" class=\"wp-block-woocommerce-cart-order-summary-discount-block\"><\/div>\n<div data-block-name=\"woocommerce\/cart-order-summary-fee-block\" class=\"wp-block-woocommerce-cart-order-summary-fee-block\"><\/div>\n<div data-block-name=\"woocommerce\/cart-order-summary-shipping-block\" class=\"wp-block-woocommerce-cart-order-summary-shipping-block\"><\/div>\n<div data-block-name=\"woocommerce\/cart-order-summary-taxes-block\" class=\"wp-block-woocommerce-cart-order-summary-taxes-block\"><\/div><\/div>\n<\/div>\n\n\n\n<div data-block-name=\"woocommerce\/cart-express-payment-block\" class=\"wp-block-woocommerce-cart-express-payment-block\"><\/div>\n\n\n\n<div data-block-name=\"woocommerce\/proceed-to-checkout-block\" class=\"wp-block-woocommerce-proceed-to-checkout-block\"><\/div>\n\n\n\n<div data-block-name=\"woocommerce\/cart-accepted-payment-methods-block\" class=\"wp-block-woocommerce-cart-accepted-payment-methods-block\"><\/div>\n<\/div>\n<\/div>\n\n\n\n<div data-block-name=\"woocommerce\/empty-cart-block\" class=\"wp-block-woocommerce-empty-cart-block\">\n<h2 class=\"wp-block-heading has-text-align-center with-empty-cart-icon wc-block-cart__empty-cart__title\">Votre panier est actuellement vide\u00a0!<\/h2>\n\n\n\n<hr class=\"wp-block-separator has-alpha-channel-opacity is-style-dots\"\/>\n\n\n\n<h2 class=\"wp-block-heading has-text-align-center\">Nouveau dans la boutique<\/h2>\n\n\n<div data-block-name=\"woocommerce\/product-new\" data-columns=\"4\" data-rows=\"1\" class=\"wc-block-grid wp-block-product-new wp-block-woocommerce-product-new wc-block-product-new has-4-columns\"><ul class=\"wc-block-grid__products\"><li class=\"wc-block-grid__product\">\n\t\t\t\t<a href=\"https:\/\/sotalie.com\/index.php\/produit\/t-shirt-ilet-la-mere-graphique-ilet-la-mere-rose\/\" class=\"wc-block-grid__product-link\">\n\t\t\t\t\t\n\t\t\t\t\t<div class=\"wc-block-grid__product-image\"><img fetchpriority=\"high\" decoding=\"async\" width=\"300\" height=\"300\" src=\"https:\/\/sotalie.com\/wp-content\/uploads\/2026\/03\/ChatGPT-Image-11-mars-2026-16_29_38-300x300.png\" class=\"attachment-woocommerce_thumbnail size-woocommerce_thumbnail\" alt=\"ilet la mere sotalie excursions\" srcset=\"https:\/\/sotalie.com\/wp-content\/uploads\/2026\/03\/ChatGPT-Image-11-mars-2026-16_29_38-300x300.png 300w, https:\/\/sotalie.com\/wp-content\/uploads\/2026\/03\/ChatGPT-Image-11-mars-2026-16_29_38-150x150.png 150w, https:\/\/sotalie.com\/wp-content\/uploads\/2026\/03\/ChatGPT-Image-11-mars-2026-16_29_38-100x100.png 100w\" sizes=\"(max-width: 300px) 100vw, 300px\" \/><\/div>\n\t\t\t\t\t<div class=\"wc-block-grid__product-title\">T-shirt Ilet la M\u00e8re  : Graphique Ilet la M\u00e8re rose<\/div>\n\t\t\t\t<\/a>\n\t\t\t\t<div class=\"wc-block-grid__product-price price\"><span class=\"woocommerce-Price-amount amount\"><bdi>29,90&nbsp;<span class=\"woocommerce-Price-currencySymbol\">&euro;<\/span><\/bdi><\/span><\/div>\n\t\t\t\t\n\t\t\t\t<div class=\"wp-block-button wc-block-grid__product-add-to-cart\"><a href=\"https:\/\/sotalie.com\/index.php\/produit\/t-shirt-ilet-la-mere-graphique-ilet-la-mere-rose\/\" aria-label=\"S\u00e9lectionner les options pour &ldquo;T-shirt Ilet la M\u00e8re  : Graphique Ilet la M\u00e8re rose&rdquo;\" data-quantity=\"1\" data-product_id=\"794\" data-product_sku=\"\" data-price=\"29.9\" rel=\"nofollow\" class=\"wp-block-button__link  add_to_cart_button\">Choix des options<\/a><\/div>\n\t\t\t<\/li><li class=\"wc-block-grid__product\">\n\t\t\t\t<a href=\"https:\/\/sotalie.com\/index.php\/produit\/t-shirt-ilet-la-mere-graphique-ilet-la-mere-vert-2\/\" class=\"wc-block-grid__product-link\">\n\t\t\t\t\t\n\t\t\t\t\t<div class=\"wc-block-grid__product-image\"><img decoding=\"async\" width=\"300\" height=\"300\" src=\"https:\/\/sotalie.com\/wp-content\/uploads\/2026\/03\/ChatGPT-Image-11-mars-2026-16_40_17-300x300.png\" class=\"attachment-woocommerce_thumbnail size-woocommerce_thumbnail\" alt=\"ilet la m\u00e8re sotalie excursions\" srcset=\"https:\/\/sotalie.com\/wp-content\/uploads\/2026\/03\/ChatGPT-Image-11-mars-2026-16_40_17-300x300.png 300w, https:\/\/sotalie.com\/wp-content\/uploads\/2026\/03\/ChatGPT-Image-11-mars-2026-16_40_17-150x150.png 150w, https:\/\/sotalie.com\/wp-content\/uploads\/2026\/03\/ChatGPT-Image-11-mars-2026-16_40_17-100x100.png 100w\" sizes=\"(max-width: 300px) 100vw, 300px\" \/><\/div>\n\t\t\t\t\t<div class=\"wc-block-grid__product-title\">T-shirt Ilet la M\u00e8re  : Graphique Ilet la M\u00e8re vert<\/div>\n\t\t\t\t<\/a>\n\t\t\t\t<div class=\"wc-block-grid__product-price price\"><span class=\"woocommerce-Price-amount amount\"><bdi>29,90&nbsp;<span class=\"woocommerce-Price-currencySymbol\">&euro;<\/span><\/bdi><\/span><\/div>\n\t\t\t\t\n\t\t\t\t<div class=\"wp-block-button wc-block-grid__product-add-to-cart\"><a href=\"https:\/\/sotalie.com\/index.php\/produit\/t-shirt-ilet-la-mere-graphique-ilet-la-mere-vert-2\/\" aria-label=\"S\u00e9lectionner les options pour &ldquo;T-shirt Ilet la M\u00e8re  : Graphique Ilet la M\u00e8re vert&rdquo;\" data-quantity=\"1\" data-product_id=\"789\" data-product_sku=\"\" data-price=\"29.9\" rel=\"nofollow\" class=\"wp-block-button__link  add_to_cart_button\">Choix des options<\/a><\/div>\n\t\t\t<\/li><li class=\"wc-block-grid__product\">\n\t\t\t\t<a href=\"https:\/\/sotalie.com\/index.php\/produit\/t-shirt-ilet-la-mere-graphique-ilet-la-mere-vert\/\" class=\"wc-block-grid__product-link\">\n\t\t\t\t\t\n\t\t\t\t\t<div class=\"wc-block-grid__product-image\"><img decoding=\"async\" width=\"300\" height=\"300\" src=\"https:\/\/sotalie.com\/wp-content\/uploads\/2026\/02\/ChatGPT-Image-20-fevr.-2026-11_32_39-300x300.png\" class=\"attachment-woocommerce_thumbnail size-woocommerce_thumbnail\" alt=\"ilet la mere sotalie excursions\" srcset=\"https:\/\/sotalie.com\/wp-content\/uploads\/2026\/02\/ChatGPT-Image-20-fevr.-2026-11_32_39-300x300.png 300w, https:\/\/sotalie.com\/wp-content\/uploads\/2026\/02\/ChatGPT-Image-20-fevr.-2026-11_32_39-150x150.png 150w, https:\/\/sotalie.com\/wp-content\/uploads\/2026\/02\/ChatGPT-Image-20-fevr.-2026-11_32_39-100x100.png 100w\" sizes=\"(max-width: 300px) 100vw, 300px\" \/><\/div>\n\t\t\t\t\t<div class=\"wc-block-grid__product-title\">T-shirt Ilet la M\u00e8re  : Graphique Ilet la M\u00e8re bicolore<\/div>\n\t\t\t\t<\/a>\n\t\t\t\t<div class=\"wc-block-grid__product-price price\"><span class=\"woocommerce-Price-amount amount\"><bdi>29,90&nbsp;<span class=\"woocommerce-Price-currencySymbol\">&euro;<\/span><\/bdi><\/span><\/div>\n\t\t\t\t\n\t\t\t\t<div class=\"wp-block-button wc-block-grid__product-add-to-cart\"><a href=\"https:\/\/sotalie.com\/index.php\/produit\/t-shirt-ilet-la-mere-graphique-ilet-la-mere-vert\/\" aria-label=\"S\u00e9lectionner les options pour &ldquo;T-shirt Ilet la M\u00e8re  : Graphique Ilet la M\u00e8re bicolore&rdquo;\" data-quantity=\"1\" data-product_id=\"783\" data-product_sku=\"\" data-price=\"29.9\" rel=\"nofollow\" class=\"wp-block-button__link  add_to_cart_button\">Choix des options<\/a><\/div>\n\t\t\t<\/li><li class=\"wc-block-grid__product\">\n\t\t\t\t<a href=\"https:\/\/sotalie.com\/index.php\/produit\/t-shirt-ilet-la-mere-guyane\/\" class=\"wc-block-grid__product-link\">\n\t\t\t\t\t\n\t\t\t\t\t<div class=\"wc-block-grid__product-image\"><img loading=\"lazy\" decoding=\"async\" width=\"300\" height=\"300\" src=\"https:\/\/sotalie.com\/wp-content\/uploads\/2026\/02\/ChatGPT-Image-20-fevr.-2026-09_38_17-1-300x300.png\" class=\"attachment-woocommerce_thumbnail size-woocommerce_thumbnail\" alt=\"ilet la mere sotalie\" srcset=\"https:\/\/sotalie.com\/wp-content\/uploads\/2026\/02\/ChatGPT-Image-20-fevr.-2026-09_38_17-1-300x300.png 300w, https:\/\/sotalie.com\/wp-content\/uploads\/2026\/02\/ChatGPT-Image-20-fevr.-2026-09_38_17-1-150x150.png 150w, https:\/\/sotalie.com\/wp-content\/uploads\/2026\/02\/ChatGPT-Image-20-fevr.-2026-09_38_17-1-100x100.png 100w\" sizes=\"(max-width: 300px) 100vw, 300px\" \/><\/div>\n\t\t\t\t\t<div class=\"wc-block-grid__product-title\">T-shirt Ilet la M\u00e8re  : Wandering Sa\u00efmiri<\/div>\n\t\t\t\t<\/a>\n\t\t\t\t<div class=\"wc-block-grid__product-price price\"><span class=\"woocommerce-Price-amount amount\"><bdi>29,90&nbsp;<span class=\"woocommerce-Price-currencySymbol\">&euro;<\/span><\/bdi><\/span><\/div>\n\t\t\t\t\n\t\t\t\t<div class=\"wp-block-button wc-block-grid__product-add-to-cart\"><a href=\"https:\/\/sotalie.com\/index.php\/produit\/t-shirt-ilet-la-mere-guyane\/\" aria-label=\"S\u00e9lectionner les options pour &ldquo;T-shirt Ilet la M\u00e8re  : Wandering Sa\u00efmiri&rdquo;\" data-quantity=\"1\" data-product_id=\"744\" data-product_sku=\"\" data-price=\"29.9\" rel=\"nofollow\" class=\"wp-block-button__link  add_to_cart_button\">Choix des options<\/a><\/div>\n\t\t\t<\/li><\/ul><\/div><\/div>\n<\/div>\n","protected":false},"excerpt":{"rendered":"","protected":false},"author":1,"featured_media":0,"parent":0,"menu_order":0,"comment_status":"closed","ping_status":"closed","template":"","meta":{"footnotes":""},"class_list":["post-9","page","type-page","status-publish","hentry"],"yoast_head":"<!-- This site is optimized with the Yoast SEO plugin v25.4 - https:\/\/yoast.com\/wordpress\/plugins\/seo\/ -->\n<title>Panier -<\/title>\n<meta name=\"robots\" content=\"index, follow, max-snippet:-1, max-image-preview:large, max-video-preview:-1\" \/>\n<link rel=\"canonical\" href=\"https:\/\/sotalie.com\/index.php\/panier\/\" \/>\n<meta property=\"og:locale\" content=\"fr_FR\" \/>\n<meta property=\"og:type\" content=\"article\" \/>\n<meta property=\"og:title\" content=\"Panier -\" \/>\n<meta property=\"og:url\" content=\"https:\/\/sotalie.com\/index.php\/panier\/\" \/>\n<meta property=\"article:publisher\" content=\"https:\/\/www.facebook.com\/4mounmax\" \/>\n<meta name=\"twitter:card\" content=\"summary_large_image\" \/>\n<script type=\"application\/ld+json\" class=\"yoast-schema-graph\">{\"@context\":\"https:\/\/schema.org\",\"@graph\":[{\"@type\":\"WebPage\",\"@id\":\"https:\/\/sotalie.com\/index.php\/panier\/\",\"url\":\"https:\/\/sotalie.com\/index.php\/panier\/\",\"name\":\"Panier -\",\"isPartOf\":{\"@id\":\"https:\/\/sotalie.com\/#website\"},\"datePublished\":\"2024-04-08T00:24:11+00:00\",\"breadcrumb\":{\"@id\":\"https:\/\/sotalie.com\/index.php\/panier\/#breadcrumb\"},\"inLanguage\":\"fr-FR\",\"potentialAction\":[{\"@type\":\"ReadAction\",\"target\":[\"https:\/\/sotalie.com\/index.php\/panier\/\"]}]},{\"@type\":\"BreadcrumbList\",\"@id\":\"https:\/\/sotalie.com\/index.php\/panier\/#breadcrumb\",\"itemListElement\":[{\"@type\":\"ListItem\",\"position\":1,\"name\":\"Accueil\",\"item\":\"https:\/\/sotalie.com\/\"},{\"@type\":\"ListItem\",\"position\":2,\"name\":\"Panier\"}]},{\"@type\":\"WebSite\",\"@id\":\"https:\/\/sotalie.com\/#website\",\"url\":\"https:\/\/sotalie.com\/\",\"name\":\"Tourisme Bateau Guyane\",\"description\":\"\",\"publisher\":{\"@id\":\"https:\/\/sotalie.com\/#organization\"},\"potentialAction\":[{\"@type\":\"SearchAction\",\"target\":{\"@type\":\"EntryPoint\",\"urlTemplate\":\"https:\/\/sotalie.com\/?s={search_term_string}\"},\"query-input\":{\"@type\":\"PropertyValueSpecification\",\"valueRequired\":true,\"valueName\":\"search_term_string\"}}],\"inLanguage\":\"fr-FR\"},{\"@type\":\"Organization\",\"@id\":\"https:\/\/sotalie.com\/#organization\",\"name\":\"Tourisme Bateau Guyane\",\"url\":\"https:\/\/sotalie.com\/\",\"logo\":{\"@type\":\"ImageObject\",\"inLanguage\":\"fr-FR\",\"@id\":\"https:\/\/sotalie.com\/#\/schema\/logo\/image\/\",\"url\":\"https:\/\/sotalie.com\/wp-content\/uploads\/2025\/02\/cropped-LOGO-SOTALIE-1.png\",\"contentUrl\":\"https:\/\/sotalie.com\/wp-content\/uploads\/2025\/02\/cropped-LOGO-SOTALIE-1.png\",\"width\":1585,\"height\":1505,\"caption\":\"Tourisme Bateau Guyane\"},\"image\":{\"@id\":\"https:\/\/sotalie.com\/#\/schema\/logo\/image\/\"},\"sameAs\":[\"https:\/\/www.facebook.com\/4mounmax\"]}]}<\/script>\n<!-- \/ Yoast SEO plugin. -->","yoast_head_json":{"title":"Panier -","robots":{"index":"index","follow":"follow","max-snippet":"max-snippet:-1","max-image-preview":"max-image-preview:large","max-video-preview":"max-video-preview:-1"},"canonical":"https:\/\/sotalie.com\/index.php\/panier\/","og_locale":"fr_FR","og_type":"article","og_title":"Panier -","og_url":"https:\/\/sotalie.com\/index.php\/panier\/","article_publisher":"https:\/\/www.facebook.com\/4mounmax","twitter_card":"summary_large_image","schema":{"@context":"https:\/\/schema.org","@graph":[{"@type":"WebPage","@id":"https:\/\/sotalie.com\/index.php\/panier\/","url":"https:\/\/sotalie.com\/index.php\/panier\/","name":"Panier -","isPartOf":{"@id":"https:\/\/sotalie.com\/#website"},"datePublished":"2024-04-08T00:24:11+00:00","breadcrumb":{"@id":"https:\/\/sotalie.com\/index.php\/panier\/#breadcrumb"},"inLanguage":"fr-FR","potentialAction":[{"@type":"ReadAction","target":["https:\/\/sotalie.com\/index.php\/panier\/"]}]},{"@type":"BreadcrumbList","@id":"https:\/\/sotalie.com\/index.php\/panier\/#breadcrumb","itemListElement":[{"@type":"ListItem","position":1,"name":"Accueil","item":"https:\/\/sotalie.com\/"},{"@type":"ListItem","position":2,"name":"Panier"}]},{"@type":"WebSite","@id":"https:\/\/sotalie.com\/#website","url":"https:\/\/sotalie.com\/","name":"Tourisme Bateau Guyane","description":"","publisher":{"@id":"https:\/\/sotalie.com\/#organization"},"potentialAction":[{"@type":"SearchAction","target":{"@type":"EntryPoint","urlTemplate":"https:\/\/sotalie.com\/?s={search_term_string}"},"query-input":{"@type":"PropertyValueSpecification","valueRequired":true,"valueName":"search_term_string"}}],"inLanguage":"fr-FR"},{"@type":"Organization","@id":"https:\/\/sotalie.com\/#organization","name":"Tourisme Bateau Guyane","url":"https:\/\/sotalie.com\/","logo":{"@type":"ImageObject","inLanguage":"fr-FR","@id":"https:\/\/sotalie.com\/#\/schema\/logo\/image\/","url":"https:\/\/sotalie.com\/wp-content\/uploads\/2025\/02\/cropped-LOGO-SOTALIE-1.png","contentUrl":"https:\/\/sotalie.com\/wp-content\/uploads\/2025\/02\/cropped-LOGO-SOTALIE-1.png","width":1585,"height":1505,"caption":"Tourisme Bateau Guyane"},"image":{"@id":"https:\/\/sotalie.com\/#\/schema\/logo\/image\/"},"sameAs":["https:\/\/www.facebook.com\/4mounmax"]}]}},"_links":{"self":[{"href":"https:\/\/sotalie.com\/index.php\/wp-json\/wp\/v2\/pages\/9","targetHints":{"allow":["GET"]}}],"collection":[{"href":"https:\/\/sotalie.com\/index.php\/wp-json\/wp\/v2\/pages"}],"about":[{"href":"https:\/\/sotalie.com\/index.php\/wp-json\/wp\/v2\/types\/page"}],"author":[{"embeddable":true,"href":"https:\/\/sotalie.com\/index.php\/wp-json\/wp\/v2\/users\/1"}],"replies":[{"embeddable":true,"href":"https:\/\/sotalie.com\/index.php\/wp-json\/wp\/v2\/comments?post=9"}],"version-history":[{"count":0,"href":"https:\/\/sotalie.com\/index.php\/wp-json\/wp\/v2\/pages\/9\/revisions"}],"wp:attachment":[{"href":"https:\/\/sotalie.com\/index.php\/wp-json\/wp\/v2\/media?parent=9"}],"curies":[{"name":"wp","href":"https:\/\/api.w.org\/{rel}","templated":true}]}}