{"id":15,"date":"2024-04-11T14:17:46","date_gmt":"2024-04-11T12:17:46","guid":{"rendered":"http:\/\/192.168.56.1\/woocommerce\/?post_type=product&#038;p=15"},"modified":"2026-03-11T00:00:17","modified_gmt":"2026-03-11T03:00:17","slug":"excursion-bateau-ilet-la-mere-guyane","status":"publish","type":"product","link":"https:\/\/sotalie.com\/index.php\/produit\/excursion-bateau-ilet-la-mere-guyane\/","title":{"rendered":"Journ\u00e9e \u00e0 l&#8217;ilet La M\u00e8re : Rencontre avec les dauphins"},"content":{"rendered":"<h2 data-start=\"81\" data-end=\"176\">Excursion en bateau vers l&#8217;ilet la M\u00e8re : Nature, Histoire et Rencontre avec les Sa\u00efmiris et les Dauphins Sotalies<\/h2>\n<p>&nbsp;<\/p>\n<p data-start=\"178\" data-end=\"358\"><strong data-start=\"178\" data-end=\"283\">Embarquez pour une aventure inoubliable en Guyane avec notre excursion en bateau vers l&#8217;ilet la M\u00e8re.<\/strong> <span class=\"relative -mx-px my-[-0.2rem] rounded px-px py-[0.2rem] transition-colors duration-100 ease-in-out\">Situ\u00e9 au large de Cayenne, cet \u00eelet est un v\u00e9ritable joyau naturel et historique.<\/span><\/p>\n<h3 data-start=\"360\" data-end=\"400\">\ud83d\udc2c \u00c0 la d\u00e9couverte de l&#8217;ilet la M\u00e8re \ud83d\udc12<\/h3>\n<p data-start=\"402\" data-end=\"558\"><span class=\"relative -mx-px my-[-0.2rem] rounded px-px py-[0.2rem] transition-colors duration-100 ease-in-out\">L&#8217;ilet la M\u00e8re, surnomm\u00e9 \u00ab l&#8217;ilet aux singes \u00bb, est le plus grand des \u00eelets de R\u00e9mire.<\/span> <span class=\"relative -mx-px my-[-0.2rem] rounded px-px py-[0.2rem] transition-colors duration-100 ease-in-out\">Accessible en 20 minutes de bateau depuis la marina de D\u00e9grad des Cannes, il offre une immersion totale dans la biodiversit\u00e9 guyanaise.<\/span> <span class=\"relative -mx-px my-[-0.2rem] rounded px-px py-[0.2rem] transition-colors duration-100 ease-in-out\">Vous y d\u00e9couvrirez une colonie de sa\u00efmiris (singes-\u00e9cureuils) curieux et amicaux, des vestiges du bagne, une v\u00e9g\u00e9tation luxuriante et une plage propice \u00e0 la baignade.<\/span><\/p>\n<h3 data-start=\"560\" data-end=\"591\">\ud83d\udef6 Programme de l&#8217;excursion<\/h3>\n<ul>\n<li style=\"list-style-type: none;\">\n<ul data-start=\"791\" data-end=\"1047\">\n<li data-start=\"791\" data-end=\"832\">\n<p data-start=\"793\" data-end=\"832\"><span class=\"relative -mx-px my-[-0.2rem] rounded px-px py-[0.2rem] transition-colors duration-100 ease-in-out\">Navigation en bateau jusqu&#8217;\u00e0 l&#8217;ilet<\/span><\/p>\n<\/li>\n<li data-start=\"791\" data-end=\"832\">\n<p data-start=\"793\" data-end=\"832\">Tour de l&#8217;\u00eele en bateau \u00e0 la recherche des Dauphins de Guyane, les Sotalies<\/p>\n<\/li>\n<li data-start=\"835\" data-end=\"876\">\n<p data-start=\"837\" data-end=\"876\"><span class=\"relative -mx-px my-[-0.2rem] rounded px-px py-[0.2rem] transition-colors duration-100 ease-in-out\">Randonn\u00e9e sur le sentier balis\u00e9 de 3,5 km<\/span><\/p>\n<\/li>\n<li data-start=\"879\" data-end=\"920\">\n<p data-start=\"881\" data-end=\"920\"><span class=\"relative -mx-px my-[-0.2rem] rounded px-px py-[0.2rem] transition-colors duration-100 ease-in-out\">Observation des sa\u00efmiris et de la faune locale<\/span><\/p>\n<\/li>\n<li data-start=\"923\" data-end=\"964\">\n<p data-start=\"925\" data-end=\"964\"><span class=\"relative -mx-px my-[-0.2rem] rounded px-px py-[0.2rem] transition-colors duration-100 ease-in-out\">D\u00e9couverte des vestiges historiques<\/span><\/p>\n<\/li>\n<li data-start=\"923\" data-end=\"964\">\n<p data-start=\"925\" data-end=\"964\">Ap\u00e9ritif offert sur le bateau<\/p>\n<\/li>\n<li data-start=\"967\" data-end=\"1047\">\n<p data-start=\"969\" data-end=\"1047\"><span class=\"relative -mx-px my-[-0.2rem] rounded px-px py-[0.2rem] transition-colors duration-100 ease-in-out\">Baignade et d\u00e9tente depuis le bateau non loin d&#8217;une plage priv\u00e9\u00a0<\/span><\/p>\n<\/li>\n<\/ul>\n<\/li>\n<\/ul>\n<h3 data-start=\"1750\" data-end=\"1771\">Infos pratiques :<\/h3>\n<p data-start=\"1774\" data-end=\"1807\">\u00a0 \u00a0 \ud83d\udccd D\u00e9part : Port de D\u00e9grad des Cannes<\/p>\n<p data-start=\"1810\" data-end=\"1849\">\u00a0 \u00a0 \ud83d\udcc5 Tous les jours de la semaine<\/p>\n<p data-start=\"1852\" data-end=\"1881\">\u00a0 \u00a0 \ud83d\udd52 Dur\u00e9e : <span class=\"relative -mx-px my-[-0.2rem] rounded px-px py-[0.2rem] transition-colors duration-100 ease-in-out\">Environ 5 heures <\/span><\/p>\n<p data-start=\"1852\" data-end=\"1881\"><span class=\"relative -mx-px my-[-0.2rem] rounded px-px py-[0.2rem] transition-colors duration-100 ease-in-out\">\u00a0 \u00a0 \u00a0 \u00a0 \u00a0 \u00a0 \u00a0Matin : d\u00e9part 8h15 \/ retour 13h15 et Apr\u00e8s-midi : D\u00e9part 13h30 \/ retour 18h30<\/span><\/p>\n<p data-start=\"1852\" data-end=\"1881\"><span class=\"relative -mx-px my-[-0.2rem] rounded px-px py-[0.2rem] transition-colors duration-100 ease-in-out\">\u00a0 \u00a0 \ud83d\udc65 <\/span>Participants : Priv\u00e9, de 1 \u00e0 7 passagers<\/p>\n<p data-start=\"1884\" data-end=\"1928\">\u00a0 \u00a0 \ud83d\udcac Langues parl\u00e9es : fran\u00e7ais, anglais.<\/p>\n<p>&nbsp;<\/p>\n<h3 data-start=\"1049\" data-end=\"1074\">\ud83c\udf92 Conseils pratiques<\/h3>\n<ul data-start=\"1076\" data-end=\"1240\">\n<li data-start=\"1076\" data-end=\"1117\">\n<p data-start=\"1078\" data-end=\"1117\"><span class=\"relative -mx-px my-[-0.2rem] rounded px-px py-[0.2rem] transition-colors duration-100 ease-in-out\">Pr\u00e9voir un pique-nique, sa tenue de bain, un chapeau, de la cr\u00e8me solaire<\/span><\/p>\n<\/li>\n<li data-start=\"1118\" data-end=\"1159\">\n<p data-start=\"1120\" data-end=\"1159\"><span class=\"relative -mx-px my-[-0.2rem] rounded px-px py-[0.2rem] transition-colors duration-100 ease-in-out\">Porter des chaussures confortables pour la randonn\u00e9e<\/span><\/p>\n<\/li>\n<li data-start=\"1160\" data-end=\"1240\">\n<p data-start=\"1162\" data-end=\"1240\"><span class=\"relative -mx-px my-[-0.2rem] rounded px-px py-[0.2rem] transition-colors duration-100 ease-in-out\">Ne pas nourrir les sa\u00efmiris pour pr\u00e9server leur comportement naturel<\/span><\/p>\n<\/li>\n<\/ul>\n<p>&nbsp;<\/p>\n<p><strong>Compris dans la prestation<\/strong><\/p>\n<ul>\n<li>Ap\u00e9ritif le midi<\/li>\n<li>Glaci\u00e8re et boissons non alcoolis\u00e9es<\/li>\n<li>BBQ au gaz pour vos grillades<\/li>\n<li>Un Paddle<\/li>\n<\/ul>\n<p><strong>A votre charge<\/strong><\/p>\n<ul>\n<li>Votre repas<\/li>\n<\/ul>\n<p>&nbsp;<\/p>\n<h3 data-start=\"1935\" data-end=\"1953\">Liens utiles :<\/h3>\n<ul>\n<li><a href=\"https:\/\/www.yana-j.fr\/app\/uploads\/2021\/01\/osl_guide_2020_03_low.pdf\" target=\"_blank\" rel=\"noopener\">Guide des c\u00e9tac\u00e9s de Guyane<\/a><\/li>\n<li><a href=\"https:\/\/www.guyane-amazonie.fr\/je-vis-une-experience\/nature\/ilet-la-mere\/\" target=\"_blank\" rel=\"noopener\">Ilet la M\u00e8re : Site du comit\u00e9 du Tourisme de Guyane<\/a><\/li>\n<\/ul>\n<p>&nbsp;<\/p>\n<p>Pour en savoir plus sur le bateau c&#8217;est\u00a0 <a href=\"https:\/\/sotalie.com\/index.php\/nos-bateaux\/\">ICI<\/a><\/p>\n<p>&nbsp;<\/p>\n<p>\u279e Veuillez noter que le nombre de dauphins sur place et le comportement des animaux changent tous les jours. Nous ne contr\u00f4lons pas ces deux facteurs car ils sont sauvages et ne pouvons pas pr\u00e9voir les rencontres \u00e0 l&#8217;avance. Notre \u00e9quipe s&#8217;adapte et fait de son mieux pour vous offrir une interaction m\u00e9morable lors de votre excursion en bateau \u00e0 l&#8217;\u00eelet la M\u00e8re en Guyane.<\/p>\n","protected":false},"excerpt":{"rendered":"<p>Excursion \u00e0 l&#8217;ilet la M\u00e8re en bateau priv\u00e9 : L\u2019\u00eele aux singes et aux Dauphins<\/p>\n<p data-start=\"1774\" data-end=\"1807\">\u00a0 \u00a0<span class=\"relative -mx-px my-[-0.2rem] rounded px-px py-[0.2rem] transition-colors duration-100 ease-in-out\">\u00a0<\/span>\u2728Participants : Priv\u00e9, de 1 \u00e0 7 passagers<\/p>\n<p data-start=\"1774\" data-end=\"1807\">\u00a0 \u00a0 \ud83d\udccd D\u00e9part : Port de D\u00e9grad des Cannes<\/p>\n<p data-start=\"1810\" data-end=\"1849\">\u00a0 \u00a0 \ud83d\udcc5 Tous les jours de la semaine<\/p>\n<p data-start=\"1852\" data-end=\"1881\">\u00a0 \u00a0 \ud83d\udd52 Dur\u00e9e : <span class=\"relative -mx-px my-[-0.2rem] rounded px-px py-[0.2rem] transition-colors duration-100 ease-in-out\">Environ 5 heures (d\u00e9part \u00e0 8h15, retour \u00e0 13h15)<\/span><\/p>\n<p data-start=\"1852\" data-end=\"1881\">\u00a0 \u00a0 \u2705 Difficult\u00e9 : Facile<\/p>\n<p data-start=\"1884\" data-end=\"1928\">\u00a0 \u00a0 \ud83d\udcac Langues parl\u00e9es : fran\u00e7ais, anglais.<\/p>\n","protected":false},"featured_media":190,"template":"","meta":[],"product_brand":[],"product_cat":[16],"product_tag":[],"class_list":{"0":"post-15","1":"product","2":"type-product","3":"status-publish","4":"has-post-thumbnail","6":"product_cat-excursions","7":"bookacti-activity","9":"first","10":"instock","11":"featured","12":"virtual","13":"sold-individually","14":"purchasable","15":"product-type-simple"},"yoast_head":"<!-- This site is optimized with the Yoast SEO plugin v25.4 - https:\/\/yoast.com\/wordpress\/plugins\/seo\/ -->\n<title>Journ\u00e9e \u00e0 l&#039;ilet La M\u00e8re : Rencontre avec les dauphins -<\/title>\n<meta name=\"description\" content=\"Partez en excursion bateau vers l&#039;ilet la M\u00e8re en Guyane. D\u00e9couvrez les dauphins, sa nature, ses singes sa\u00efmiris et ses vestiges. R\u00e9servez d\u00e8s maintenant !\" \/>\n<meta name=\"robots\" content=\"index, follow, max-snippet:-1, max-image-preview:large, max-video-preview:-1\" \/>\n<link rel=\"canonical\" href=\"https:\/\/sotalie.com\/index.php\/produit\/excursion-bateau-ilet-la-mere-guyane\/\" \/>\n<meta property=\"og:locale\" content=\"fr_FR\" \/>\n<meta property=\"og:type\" content=\"article\" \/>\n<meta property=\"og:title\" content=\"\u00celet la M\u00e8re Guyane\" \/>\n<meta property=\"og:description\" content=\"Partez en excursion bateau vers l&#039;\u00celet la M\u00e8re en Guyane. D\u00e9couvrez les dauphins, sa nature, ses singes sa\u00efmiris et ses vestiges. R\u00e9servez d\u00e8s maintenant !\" \/>\n<meta property=\"og:url\" content=\"https:\/\/sotalie.com\/index.php\/produit\/excursion-bateau-ilet-la-mere-guyane\/\" \/>\n<meta property=\"article:publisher\" content=\"https:\/\/www.facebook.com\/4mounmax\" \/>\n<meta property=\"article:modified_time\" content=\"2026-03-11T03:00:17+00:00\" \/>\n<meta property=\"og:image\" content=\"https:\/\/sotalie.com\/wp-content\/uploads\/2024\/04\/ilet_la_mere_2-scaled.jpg\" \/>\n\t<meta property=\"og:image:width\" content=\"2560\" \/>\n\t<meta property=\"og:image:height\" content=\"1706\" \/>\n\t<meta property=\"og:image:type\" content=\"image\/jpeg\" \/>\n<meta name=\"twitter:card\" content=\"summary_large_image\" \/>\n<meta name=\"twitter:label1\" content=\"Dur\u00e9e de lecture estim\u00e9e\" \/>\n\t<meta name=\"twitter:data1\" content=\"3 minutes\" \/>\n<script type=\"application\/ld+json\" class=\"yoast-schema-graph\">{\"@context\":\"https:\/\/schema.org\",\"@graph\":[{\"@type\":\"WebPage\",\"@id\":\"https:\/\/sotalie.com\/index.php\/produit\/excursion-bateau-ilet-la-mere-guyane\/\",\"url\":\"https:\/\/sotalie.com\/index.php\/produit\/excursion-bateau-ilet-la-mere-guyane\/\",\"name\":\"Journ\u00e9e \u00e0 l'ilet La M\u00e8re : Rencontre avec les dauphins -\",\"isPartOf\":{\"@id\":\"https:\/\/sotalie.com\/#website\"},\"primaryImageOfPage\":{\"@id\":\"https:\/\/sotalie.com\/index.php\/produit\/excursion-bateau-ilet-la-mere-guyane\/#primaryimage\"},\"image\":{\"@id\":\"https:\/\/sotalie.com\/index.php\/produit\/excursion-bateau-ilet-la-mere-guyane\/#primaryimage\"},\"thumbnailUrl\":\"https:\/\/sotalie.com\/wp-content\/uploads\/2024\/04\/ilet_la_mere_2-scaled.jpg\",\"datePublished\":\"2024-04-11T12:17:46+00:00\",\"dateModified\":\"2026-03-11T03:00:17+00:00\",\"description\":\"Partez en excursion bateau vers l'ilet la M\u00e8re en Guyane. D\u00e9couvrez les dauphins, sa nature, ses singes sa\u00efmiris et ses vestiges. R\u00e9servez d\u00e8s maintenant !\",\"breadcrumb\":{\"@id\":\"https:\/\/sotalie.com\/index.php\/produit\/excursion-bateau-ilet-la-mere-guyane\/#breadcrumb\"},\"inLanguage\":\"fr-FR\",\"potentialAction\":[{\"@type\":\"ReadAction\",\"target\":[\"https:\/\/sotalie.com\/index.php\/produit\/excursion-bateau-ilet-la-mere-guyane\/\"]}]},{\"@type\":\"ImageObject\",\"inLanguage\":\"fr-FR\",\"@id\":\"https:\/\/sotalie.com\/index.php\/produit\/excursion-bateau-ilet-la-mere-guyane\/#primaryimage\",\"url\":\"https:\/\/sotalie.com\/wp-content\/uploads\/2024\/04\/ilet_la_mere_2-scaled.jpg\",\"contentUrl\":\"https:\/\/sotalie.com\/wp-content\/uploads\/2024\/04\/ilet_la_mere_2-scaled.jpg\",\"width\":2560,\"height\":1706,\"caption\":\"Excursion en bateau vers l'\u00celet la M\u00e8re en Guyane\"},{\"@type\":\"BreadcrumbList\",\"@id\":\"https:\/\/sotalie.com\/index.php\/produit\/excursion-bateau-ilet-la-mere-guyane\/#breadcrumb\",\"itemListElement\":[{\"@type\":\"ListItem\",\"position\":1,\"name\":\"Accueil\",\"item\":\"https:\/\/sotalie.com\/\"},{\"@type\":\"ListItem\",\"position\":2,\"name\":\"Boutique\",\"item\":\"https:\/\/sotalie.com\/index.php\/boutique\/\"},{\"@type\":\"ListItem\",\"position\":3,\"name\":\"Journ\u00e9e \u00e0 l&#8217;ilet La M\u00e8re : Rencontre avec les dauphins\"}]},{\"@type\":\"WebSite\",\"@id\":\"https:\/\/sotalie.com\/#website\",\"url\":\"https:\/\/sotalie.com\/\",\"name\":\"Tourisme Bateau Guyane\",\"description\":\"\",\"publisher\":{\"@id\":\"https:\/\/sotalie.com\/#organization\"},\"potentialAction\":[{\"@type\":\"SearchAction\",\"target\":{\"@type\":\"EntryPoint\",\"urlTemplate\":\"https:\/\/sotalie.com\/?s={search_term_string}\"},\"query-input\":{\"@type\":\"PropertyValueSpecification\",\"valueRequired\":true,\"valueName\":\"search_term_string\"}}],\"inLanguage\":\"fr-FR\"},{\"@type\":\"Organization\",\"@id\":\"https:\/\/sotalie.com\/#organization\",\"name\":\"Tourisme Bateau Guyane\",\"url\":\"https:\/\/sotalie.com\/\",\"logo\":{\"@type\":\"ImageObject\",\"inLanguage\":\"fr-FR\",\"@id\":\"https:\/\/sotalie.com\/#\/schema\/logo\/image\/\",\"url\":\"https:\/\/sotalie.com\/wp-content\/uploads\/2025\/02\/cropped-LOGO-SOTALIE-1.png\",\"contentUrl\":\"https:\/\/sotalie.com\/wp-content\/uploads\/2025\/02\/cropped-LOGO-SOTALIE-1.png\",\"width\":1585,\"height\":1505,\"caption\":\"Tourisme Bateau Guyane\"},\"image\":{\"@id\":\"https:\/\/sotalie.com\/#\/schema\/logo\/image\/\"},\"sameAs\":[\"https:\/\/www.facebook.com\/4mounmax\"]}]}<\/script>\n<!-- \/ Yoast SEO plugin. -->","yoast_head_json":{"title":"Journ\u00e9e \u00e0 l'ilet La M\u00e8re : Rencontre avec les dauphins -","description":"Partez en excursion bateau vers l'ilet la M\u00e8re en Guyane. D\u00e9couvrez les dauphins, sa nature, ses singes sa\u00efmiris et ses vestiges. R\u00e9servez d\u00e8s maintenant !","robots":{"index":"index","follow":"follow","max-snippet":"max-snippet:-1","max-image-preview":"max-image-preview:large","max-video-preview":"max-video-preview:-1"},"canonical":"https:\/\/sotalie.com\/index.php\/produit\/excursion-bateau-ilet-la-mere-guyane\/","og_locale":"fr_FR","og_type":"article","og_title":"\u00celet la M\u00e8re Guyane","og_description":"Partez en excursion bateau vers l'\u00celet la M\u00e8re en Guyane. D\u00e9couvrez les dauphins, sa nature, ses singes sa\u00efmiris et ses vestiges. R\u00e9servez d\u00e8s maintenant !","og_url":"https:\/\/sotalie.com\/index.php\/produit\/excursion-bateau-ilet-la-mere-guyane\/","article_publisher":"https:\/\/www.facebook.com\/4mounmax","article_modified_time":"2026-03-11T03:00:17+00:00","og_image":[{"width":2560,"height":1706,"url":"https:\/\/sotalie.com\/wp-content\/uploads\/2024\/04\/ilet_la_mere_2-scaled.jpg","type":"image\/jpeg"}],"twitter_card":"summary_large_image","twitter_misc":{"Dur\u00e9e de lecture estim\u00e9e":"3 minutes"},"schema":{"@context":"https:\/\/schema.org","@graph":[{"@type":"WebPage","@id":"https:\/\/sotalie.com\/index.php\/produit\/excursion-bateau-ilet-la-mere-guyane\/","url":"https:\/\/sotalie.com\/index.php\/produit\/excursion-bateau-ilet-la-mere-guyane\/","name":"Journ\u00e9e \u00e0 l'ilet La M\u00e8re : Rencontre avec les dauphins -","isPartOf":{"@id":"https:\/\/sotalie.com\/#website"},"primaryImageOfPage":{"@id":"https:\/\/sotalie.com\/index.php\/produit\/excursion-bateau-ilet-la-mere-guyane\/#primaryimage"},"image":{"@id":"https:\/\/sotalie.com\/index.php\/produit\/excursion-bateau-ilet-la-mere-guyane\/#primaryimage"},"thumbnailUrl":"https:\/\/sotalie.com\/wp-content\/uploads\/2024\/04\/ilet_la_mere_2-scaled.jpg","datePublished":"2024-04-11T12:17:46+00:00","dateModified":"2026-03-11T03:00:17+00:00","description":"Partez en excursion bateau vers l'ilet la M\u00e8re en Guyane. D\u00e9couvrez les dauphins, sa nature, ses singes sa\u00efmiris et ses vestiges. R\u00e9servez d\u00e8s maintenant !","breadcrumb":{"@id":"https:\/\/sotalie.com\/index.php\/produit\/excursion-bateau-ilet-la-mere-guyane\/#breadcrumb"},"inLanguage":"fr-FR","potentialAction":[{"@type":"ReadAction","target":["https:\/\/sotalie.com\/index.php\/produit\/excursion-bateau-ilet-la-mere-guyane\/"]}]},{"@type":"ImageObject","inLanguage":"fr-FR","@id":"https:\/\/sotalie.com\/index.php\/produit\/excursion-bateau-ilet-la-mere-guyane\/#primaryimage","url":"https:\/\/sotalie.com\/wp-content\/uploads\/2024\/04\/ilet_la_mere_2-scaled.jpg","contentUrl":"https:\/\/sotalie.com\/wp-content\/uploads\/2024\/04\/ilet_la_mere_2-scaled.jpg","width":2560,"height":1706,"caption":"Excursion en bateau vers l'\u00celet la M\u00e8re en Guyane"},{"@type":"BreadcrumbList","@id":"https:\/\/sotalie.com\/index.php\/produit\/excursion-bateau-ilet-la-mere-guyane\/#breadcrumb","itemListElement":[{"@type":"ListItem","position":1,"name":"Accueil","item":"https:\/\/sotalie.com\/"},{"@type":"ListItem","position":2,"name":"Boutique","item":"https:\/\/sotalie.com\/index.php\/boutique\/"},{"@type":"ListItem","position":3,"name":"Journ\u00e9e \u00e0 l&#8217;ilet La M\u00e8re : Rencontre avec les dauphins"}]},{"@type":"WebSite","@id":"https:\/\/sotalie.com\/#website","url":"https:\/\/sotalie.com\/","name":"Tourisme Bateau Guyane","description":"","publisher":{"@id":"https:\/\/sotalie.com\/#organization"},"potentialAction":[{"@type":"SearchAction","target":{"@type":"EntryPoint","urlTemplate":"https:\/\/sotalie.com\/?s={search_term_string}"},"query-input":{"@type":"PropertyValueSpecification","valueRequired":true,"valueName":"search_term_string"}}],"inLanguage":"fr-FR"},{"@type":"Organization","@id":"https:\/\/sotalie.com\/#organization","name":"Tourisme Bateau Guyane","url":"https:\/\/sotalie.com\/","logo":{"@type":"ImageObject","inLanguage":"fr-FR","@id":"https:\/\/sotalie.com\/#\/schema\/logo\/image\/","url":"https:\/\/sotalie.com\/wp-content\/uploads\/2025\/02\/cropped-LOGO-SOTALIE-1.png","contentUrl":"https:\/\/sotalie.com\/wp-content\/uploads\/2025\/02\/cropped-LOGO-SOTALIE-1.png","width":1585,"height":1505,"caption":"Tourisme Bateau Guyane"},"image":{"@id":"https:\/\/sotalie.com\/#\/schema\/logo\/image\/"},"sameAs":["https:\/\/www.facebook.com\/4mounmax"]}]}},"_links":{"self":[{"href":"https:\/\/sotalie.com\/index.php\/wp-json\/wp\/v2\/product\/15","targetHints":{"allow":["GET"]}}],"collection":[{"href":"https:\/\/sotalie.com\/index.php\/wp-json\/wp\/v2\/product"}],"about":[{"href":"https:\/\/sotalie.com\/index.php\/wp-json\/wp\/v2\/types\/product"}],"wp:featuredmedia":[{"embeddable":true,"href":"https:\/\/sotalie.com\/index.php\/wp-json\/wp\/v2\/media\/190"}],"wp:attachment":[{"href":"https:\/\/sotalie.com\/index.php\/wp-json\/wp\/v2\/media?parent=15"}],"wp:term":[{"taxonomy":"product_brand","embeddable":true,"href":"https:\/\/sotalie.com\/index.php\/wp-json\/wp\/v2\/product_brand?post=15"},{"taxonomy":"product_cat","embeddable":true,"href":"https:\/\/sotalie.com\/index.php\/wp-json\/wp\/v2\/product_cat?post=15"},{"taxonomy":"product_tag","embeddable":true,"href":"https:\/\/sotalie.com\/index.php\/wp-json\/wp\/v2\/product_tag?post=15"}],"curies":[{"name":"wp","href":"https:\/\/api.w.org\/{rel}","templated":true}]}}