{"id":18,"date":"2024-04-11T14:24:35","date_gmt":"2024-04-11T12:24:35","guid":{"rendered":"http:\/\/192.168.56.1\/woocommerce\/?post_type=product&#038;p=18"},"modified":"2026-03-09T00:01:53","modified_gmt":"2026-03-09T03:01:53","slug":"croisiere-sunset-ilet-la-mere-guyane","status":"publish","type":"product","link":"https:\/\/sotalie.com\/index.php\/produit\/croisiere-sunset-ilet-la-mere-guyane\/","title":{"rendered":"Sunset \u00e0 l\u2019Ilet la M\u00e8re"},"content":{"rendered":"<h2 data-start=\"81\" data-end=\"173\">Sunset aux Ilets : Croisi\u00e8re en Bateau pour un Coucher de Soleil Inoubliable en Guyane<\/h2>\n<p data-start=\"175\" data-end=\"343\"><strong data-start=\"175\" data-end=\"268\">Embarquez pour une exp\u00e9rience unique avec notre excursion Sunset \u00e0 l&#8217;\u00eelet la M\u00e8re en Guyane.<\/strong> <span class=\"relative -mx-px my-[-0.2rem] rounded px-px py-[0.2rem] transition-colors duration-100 ease-in-out\">Profitez d&#8217;une croisi\u00e8re en bateau au coucher du soleil, id\u00e9ale pour les couples, les familles ou les groupes d&#8217;amis souhaitant vivre un moment magique sur les eaux guyanaises.<\/span><\/p>\n<h3>\ud83d\udee5\ufe0f Programme de l&#8217;Excursion<\/h3>\n<ul>\n<li><span class=\"relative -mx-px my-[-0.2rem] rounded px-px py-[0.2rem] transition-colors duration-100 ease-in-out\">Navigation en bateau jusqu\u2019\u00e0 l\u2019\u00eelet<\/span> le P\u00e8re ou l&#8217;\u00eelet la M\u00e8re<\/li>\n<li>Recherche et observation des <strong>Dauphins de Guyane<\/strong>, les Sotalies autours des \u00eelets<\/li>\n<li><strong data-start=\"547\" data-end=\"559\">Ap\u00e9ro\u00a0<\/strong>sur le bateau<\/li>\n<li><strong data-start=\"547\" data-end=\"559\">Ambiance<\/strong> : <span class=\"relative -mx-px my-[-0.2rem] rounded px-px py-[0.2rem] transition-colors duration-100 ease-in-out\">Musique douce et atmosph\u00e8re conviviale pour appr\u00e9cier pleinement le spectacle du soleil se couchant \u00e0 l&#8217;horizon<\/span><\/li>\n<\/ul>\n<h3 data-start=\"1750\" data-end=\"1771\">Infos pratiques :<\/h3>\n<p data-start=\"1774\" data-end=\"1807\">\u00a0 \u00a0 \ud83d\udccd D\u00e9part : Port de D\u00e9grad des Cannes<\/p>\n<p data-start=\"1810\" data-end=\"1849\">\u00a0 \u00a0 \ud83d\udcc5 Tous les jours de la semaine<\/p>\n<p data-start=\"1852\" data-end=\"1881\">\u00a0 \u00a0 \ud83d\udd52 Dur\u00e9e : <span class=\"relative -mx-px my-[-0.2rem] rounded px-px py-[0.2rem] transition-colors duration-100 ease-in-out\">Environ 3 heures (d\u00e9part \u00e0 15h30, retour \u00e0 18h30)<\/span><\/p>\n<p data-start=\"1852\" data-end=\"1881\"><span class=\"relative -mx-px my-[-0.2rem] rounded px-px py-[0.2rem] transition-colors duration-100 ease-in-out\">\u00a0 \u00a0 \ud83d\udc65 <\/span>Participants : Priv\u00e9, de 1 \u00e0 7 passagers<\/p>\n<p data-start=\"1884\" data-end=\"1928\">\u00a0 \u00a0 \ud83d\udcac Langues parl\u00e9es : fran\u00e7ais, anglais.<\/p>\n<p>&nbsp;<\/p>\n<p><strong>Compris dans la prestation<\/strong><\/p>\n<ul>\n<li>Un cocktail ap\u00e9ritif<\/li>\n<li>Glaci\u00e8re et boissons non alcoolis\u00e9es<\/li>\n<\/ul>\n<p><strong>A votre charge<\/strong><\/p>\n<ul>\n<li>\u00a0Votre ap\u00e9ro<\/li>\n<li>Possibilit\u00e9 de louer un BBQ au gaz pour 30\u20ac suppl\u00e9mentaires<\/li>\n<\/ul>\n<p>&nbsp;<\/p>\n<h3 data-start=\"1935\" data-end=\"1953\">Liens utiles :<\/h3>\n<ul>\n<li><a href=\"https:\/\/www.yana-j.fr\/app\/uploads\/2021\/01\/osl_guide_2020_03_low.pdf\" target=\"_blank\" rel=\"noopener\">Guide des c\u00e9tac\u00e9s de Guyane<\/a><\/li>\n<li><a href=\"https:\/\/www.guyane-amazonie.fr\/je-vis-une-experience\/nature\/ilet-la-mere\/\" target=\"_blank\" rel=\"noopener\">Ilet la M\u00e8re : Site du comit\u00e9 du Tourisme de Guyane<\/a><\/li>\n<\/ul>\n<p>&nbsp;<\/p>\n<p>Pour en savoir plus sur le bateau c\u2019est\u00a0 <a href=\"https:\/\/sotalie.com\/index.php\/nos-bateaux\/\">ICI<\/a><\/p>\n<p>&nbsp;<\/p>\n<p>\u279e\u00a0 Veuillez noter que le nombre de dauphins sur place et le comportement des animaux changent tous les jours. Nous ne contr\u00f4lons pas ces deux facteurs car ils sont sauvages et ne pouvons donc pas pr\u00e9voir les rencontres \u00e0 l&#8217;avance. En cons\u00e9quence, notre \u00e9quipe s&#8217;adapte et fait de son mieux pour vous offrir une interaction m\u00e9morable.<\/p>\n","protected":false},"excerpt":{"rendered":"<p><strong>Excursion Sunset aux ilets de R\u00e9mire en bateau priv\u00e9 : Excursion en fin de journ\u00e9e pour voir un magnifique coucher du soleil<\/strong><\/p>\n<p data-start=\"1774\" data-end=\"1807\">\u00a0 \u00a0 \u2728Participants : Priv\u00e9, de 1 \u00e0 7 passagers<\/p>\n<p data-start=\"1774\" data-end=\"1807\">\u00a0 \u00a0 \ud83d\udccd D\u00e9part : Port de D\u00e9grad des Cannes<\/p>\n<p data-start=\"1810\" data-end=\"1849\">\u00a0 \u00a0 \ud83d\udcc5 Tous les jours de la semaine<\/p>\n<p data-start=\"1852\" data-end=\"1881\">\u00a0 \u00a0 \ud83d\udd52 Dur\u00e9e : <span class=\"relative -mx-px my-[-0.2rem] rounded px-px py-[0.2rem] transition-colors duration-100 ease-in-out\">Environ 3 heures (d\u00e9part \u00e0 15h30, retour \u00e0 18h30)<\/span><\/p>\n<p data-start=\"1852\" data-end=\"1881\">\u00a0 \u00a0 \u2705 Difficult\u00e9 : Facile<\/p>\n<p data-start=\"1884\" data-end=\"1928\">\u00a0 \u00a0 \ud83d\udcac Langues parl\u00e9es : fran\u00e7ais, anglais.<\/p>\n","protected":false},"featured_media":228,"template":"","meta":[],"product_brand":[],"product_cat":[16],"product_tag":[],"class_list":{"0":"post-18","1":"product","2":"type-product","3":"status-publish","4":"has-post-thumbnail","6":"product_cat-excursions","7":"bookacti-activity","9":"first","10":"instock","11":"virtual","12":"sold-individually","13":"purchasable","14":"product-type-simple"},"yoast_head":"<!-- This site is optimized with the Yoast SEO plugin v25.4 - https:\/\/yoast.com\/wordpress\/plugins\/seo\/ -->\n<title>Sunset \u00e0 l\u2019Ilet la M\u00e8re -<\/title>\n<meta name=\"description\" content=\"Vivez une croisi\u00e8re inoubliable au coucher du soleil autour de \u00eelet la m\u00e8re en Guyane. Ambiance conviviale, ap\u00e9ritif et paysages \u00e0 couper le souffle\" \/>\n<meta name=\"robots\" content=\"index, follow, max-snippet:-1, max-image-preview:large, max-video-preview:-1\" \/>\n<link rel=\"canonical\" href=\"https:\/\/sotalie.com\/index.php\/produit\/croisiere-sunset-ilet-la-mere-guyane\/\" \/>\n<meta property=\"og:locale\" content=\"fr_FR\" \/>\n<meta property=\"og:type\" content=\"article\" \/>\n<meta property=\"og:title\" content=\"Sunset \u00e0 l\u2019Ilet la M\u00e8re -\" \/>\n<meta property=\"og:description\" content=\"Vivez une croisi\u00e8re inoubliable au coucher du soleil autour de \u00eelet la m\u00e8re en Guyane. Ambiance conviviale, ap\u00e9ritif et paysages \u00e0 couper le souffle\" \/>\n<meta property=\"og:url\" content=\"https:\/\/sotalie.com\/index.php\/produit\/croisiere-sunset-ilet-la-mere-guyane\/\" \/>\n<meta property=\"article:publisher\" content=\"https:\/\/www.facebook.com\/4mounmax\" \/>\n<meta property=\"article:modified_time\" content=\"2026-03-09T03:01:53+00:00\" \/>\n<meta property=\"og:image\" content=\"https:\/\/sotalie.com\/wp-content\/uploads\/2024\/04\/IMG_E8115-scaled.jpg\" \/>\n\t<meta property=\"og:image:width\" content=\"2560\" \/>\n\t<meta property=\"og:image:height\" content=\"1920\" \/>\n\t<meta property=\"og:image:type\" content=\"image\/jpeg\" \/>\n<meta name=\"twitter:card\" content=\"summary_large_image\" \/>\n<meta name=\"twitter:label1\" content=\"Dur\u00e9e de lecture estim\u00e9e\" \/>\n\t<meta name=\"twitter:data1\" content=\"2 minutes\" \/>\n<script type=\"application\/ld+json\" class=\"yoast-schema-graph\">{\"@context\":\"https:\/\/schema.org\",\"@graph\":[{\"@type\":\"WebPage\",\"@id\":\"https:\/\/sotalie.com\/index.php\/produit\/croisiere-sunset-ilet-la-mere-guyane\/\",\"url\":\"https:\/\/sotalie.com\/index.php\/produit\/croisiere-sunset-ilet-la-mere-guyane\/\",\"name\":\"Sunset \u00e0 l\u2019Ilet la M\u00e8re -\",\"isPartOf\":{\"@id\":\"https:\/\/sotalie.com\/#website\"},\"primaryImageOfPage\":{\"@id\":\"https:\/\/sotalie.com\/index.php\/produit\/croisiere-sunset-ilet-la-mere-guyane\/#primaryimage\"},\"image\":{\"@id\":\"https:\/\/sotalie.com\/index.php\/produit\/croisiere-sunset-ilet-la-mere-guyane\/#primaryimage\"},\"thumbnailUrl\":\"https:\/\/sotalie.com\/wp-content\/uploads\/2024\/04\/IMG_E8115-scaled.jpg\",\"datePublished\":\"2024-04-11T12:24:35+00:00\",\"dateModified\":\"2026-03-09T03:01:53+00:00\",\"description\":\"Vivez une croisi\u00e8re inoubliable au coucher du soleil autour de \u00eelet la m\u00e8re en Guyane. Ambiance conviviale, ap\u00e9ritif et paysages \u00e0 couper le souffle\",\"breadcrumb\":{\"@id\":\"https:\/\/sotalie.com\/index.php\/produit\/croisiere-sunset-ilet-la-mere-guyane\/#breadcrumb\"},\"inLanguage\":\"fr-FR\",\"potentialAction\":[{\"@type\":\"ReadAction\",\"target\":[\"https:\/\/sotalie.com\/index.php\/produit\/croisiere-sunset-ilet-la-mere-guyane\/\"]}]},{\"@type\":\"ImageObject\",\"inLanguage\":\"fr-FR\",\"@id\":\"https:\/\/sotalie.com\/index.php\/produit\/croisiere-sunset-ilet-la-mere-guyane\/#primaryimage\",\"url\":\"https:\/\/sotalie.com\/wp-content\/uploads\/2024\/04\/IMG_E8115-scaled.jpg\",\"contentUrl\":\"https:\/\/sotalie.com\/wp-content\/uploads\/2024\/04\/IMG_E8115-scaled.jpg\",\"width\":2560,\"height\":1920,\"caption\":\"coucher de soleil sunset ap\u00e9ro \u00e0 l'\u00eelet la m\u00e8re\"},{\"@type\":\"BreadcrumbList\",\"@id\":\"https:\/\/sotalie.com\/index.php\/produit\/croisiere-sunset-ilet-la-mere-guyane\/#breadcrumb\",\"itemListElement\":[{\"@type\":\"ListItem\",\"position\":1,\"name\":\"Accueil\",\"item\":\"https:\/\/sotalie.com\/\"},{\"@type\":\"ListItem\",\"position\":2,\"name\":\"Boutique\",\"item\":\"https:\/\/sotalie.com\/index.php\/boutique\/\"},{\"@type\":\"ListItem\",\"position\":3,\"name\":\"Sunset \u00e0 l\u2019Ilet la M\u00e8re\"}]},{\"@type\":\"WebSite\",\"@id\":\"https:\/\/sotalie.com\/#website\",\"url\":\"https:\/\/sotalie.com\/\",\"name\":\"Tourisme Bateau Guyane\",\"description\":\"\",\"publisher\":{\"@id\":\"https:\/\/sotalie.com\/#organization\"},\"potentialAction\":[{\"@type\":\"SearchAction\",\"target\":{\"@type\":\"EntryPoint\",\"urlTemplate\":\"https:\/\/sotalie.com\/?s={search_term_string}\"},\"query-input\":{\"@type\":\"PropertyValueSpecification\",\"valueRequired\":true,\"valueName\":\"search_term_string\"}}],\"inLanguage\":\"fr-FR\"},{\"@type\":\"Organization\",\"@id\":\"https:\/\/sotalie.com\/#organization\",\"name\":\"Tourisme Bateau Guyane\",\"url\":\"https:\/\/sotalie.com\/\",\"logo\":{\"@type\":\"ImageObject\",\"inLanguage\":\"fr-FR\",\"@id\":\"https:\/\/sotalie.com\/#\/schema\/logo\/image\/\",\"url\":\"https:\/\/sotalie.com\/wp-content\/uploads\/2025\/02\/cropped-LOGO-SOTALIE-1.png\",\"contentUrl\":\"https:\/\/sotalie.com\/wp-content\/uploads\/2025\/02\/cropped-LOGO-SOTALIE-1.png\",\"width\":1585,\"height\":1505,\"caption\":\"Tourisme Bateau Guyane\"},\"image\":{\"@id\":\"https:\/\/sotalie.com\/#\/schema\/logo\/image\/\"},\"sameAs\":[\"https:\/\/www.facebook.com\/4mounmax\"]}]}<\/script>\n<!-- \/ Yoast SEO plugin. -->","yoast_head_json":{"title":"Sunset \u00e0 l\u2019Ilet la M\u00e8re -","description":"Vivez une croisi\u00e8re inoubliable au coucher du soleil autour de \u00eelet la m\u00e8re en Guyane. Ambiance conviviale, ap\u00e9ritif et paysages \u00e0 couper le souffle","robots":{"index":"index","follow":"follow","max-snippet":"max-snippet:-1","max-image-preview":"max-image-preview:large","max-video-preview":"max-video-preview:-1"},"canonical":"https:\/\/sotalie.com\/index.php\/produit\/croisiere-sunset-ilet-la-mere-guyane\/","og_locale":"fr_FR","og_type":"article","og_title":"Sunset \u00e0 l\u2019Ilet la M\u00e8re -","og_description":"Vivez une croisi\u00e8re inoubliable au coucher du soleil autour de \u00eelet la m\u00e8re en Guyane. Ambiance conviviale, ap\u00e9ritif et paysages \u00e0 couper le souffle","og_url":"https:\/\/sotalie.com\/index.php\/produit\/croisiere-sunset-ilet-la-mere-guyane\/","article_publisher":"https:\/\/www.facebook.com\/4mounmax","article_modified_time":"2026-03-09T03:01:53+00:00","og_image":[{"width":2560,"height":1920,"url":"https:\/\/sotalie.com\/wp-content\/uploads\/2024\/04\/IMG_E8115-scaled.jpg","type":"image\/jpeg"}],"twitter_card":"summary_large_image","twitter_misc":{"Dur\u00e9e de lecture estim\u00e9e":"2 minutes"},"schema":{"@context":"https:\/\/schema.org","@graph":[{"@type":"WebPage","@id":"https:\/\/sotalie.com\/index.php\/produit\/croisiere-sunset-ilet-la-mere-guyane\/","url":"https:\/\/sotalie.com\/index.php\/produit\/croisiere-sunset-ilet-la-mere-guyane\/","name":"Sunset \u00e0 l\u2019Ilet la M\u00e8re -","isPartOf":{"@id":"https:\/\/sotalie.com\/#website"},"primaryImageOfPage":{"@id":"https:\/\/sotalie.com\/index.php\/produit\/croisiere-sunset-ilet-la-mere-guyane\/#primaryimage"},"image":{"@id":"https:\/\/sotalie.com\/index.php\/produit\/croisiere-sunset-ilet-la-mere-guyane\/#primaryimage"},"thumbnailUrl":"https:\/\/sotalie.com\/wp-content\/uploads\/2024\/04\/IMG_E8115-scaled.jpg","datePublished":"2024-04-11T12:24:35+00:00","dateModified":"2026-03-09T03:01:53+00:00","description":"Vivez une croisi\u00e8re inoubliable au coucher du soleil autour de \u00eelet la m\u00e8re en Guyane. Ambiance conviviale, ap\u00e9ritif et paysages \u00e0 couper le souffle","breadcrumb":{"@id":"https:\/\/sotalie.com\/index.php\/produit\/croisiere-sunset-ilet-la-mere-guyane\/#breadcrumb"},"inLanguage":"fr-FR","potentialAction":[{"@type":"ReadAction","target":["https:\/\/sotalie.com\/index.php\/produit\/croisiere-sunset-ilet-la-mere-guyane\/"]}]},{"@type":"ImageObject","inLanguage":"fr-FR","@id":"https:\/\/sotalie.com\/index.php\/produit\/croisiere-sunset-ilet-la-mere-guyane\/#primaryimage","url":"https:\/\/sotalie.com\/wp-content\/uploads\/2024\/04\/IMG_E8115-scaled.jpg","contentUrl":"https:\/\/sotalie.com\/wp-content\/uploads\/2024\/04\/IMG_E8115-scaled.jpg","width":2560,"height":1920,"caption":"coucher de soleil sunset ap\u00e9ro \u00e0 l'\u00eelet la m\u00e8re"},{"@type":"BreadcrumbList","@id":"https:\/\/sotalie.com\/index.php\/produit\/croisiere-sunset-ilet-la-mere-guyane\/#breadcrumb","itemListElement":[{"@type":"ListItem","position":1,"name":"Accueil","item":"https:\/\/sotalie.com\/"},{"@type":"ListItem","position":2,"name":"Boutique","item":"https:\/\/sotalie.com\/index.php\/boutique\/"},{"@type":"ListItem","position":3,"name":"Sunset \u00e0 l\u2019Ilet la M\u00e8re"}]},{"@type":"WebSite","@id":"https:\/\/sotalie.com\/#website","url":"https:\/\/sotalie.com\/","name":"Tourisme Bateau Guyane","description":"","publisher":{"@id":"https:\/\/sotalie.com\/#organization"},"potentialAction":[{"@type":"SearchAction","target":{"@type":"EntryPoint","urlTemplate":"https:\/\/sotalie.com\/?s={search_term_string}"},"query-input":{"@type":"PropertyValueSpecification","valueRequired":true,"valueName":"search_term_string"}}],"inLanguage":"fr-FR"},{"@type":"Organization","@id":"https:\/\/sotalie.com\/#organization","name":"Tourisme Bateau Guyane","url":"https:\/\/sotalie.com\/","logo":{"@type":"ImageObject","inLanguage":"fr-FR","@id":"https:\/\/sotalie.com\/#\/schema\/logo\/image\/","url":"https:\/\/sotalie.com\/wp-content\/uploads\/2025\/02\/cropped-LOGO-SOTALIE-1.png","contentUrl":"https:\/\/sotalie.com\/wp-content\/uploads\/2025\/02\/cropped-LOGO-SOTALIE-1.png","width":1585,"height":1505,"caption":"Tourisme Bateau Guyane"},"image":{"@id":"https:\/\/sotalie.com\/#\/schema\/logo\/image\/"},"sameAs":["https:\/\/www.facebook.com\/4mounmax"]}]}},"_links":{"self":[{"href":"https:\/\/sotalie.com\/index.php\/wp-json\/wp\/v2\/product\/18","targetHints":{"allow":["GET"]}}],"collection":[{"href":"https:\/\/sotalie.com\/index.php\/wp-json\/wp\/v2\/product"}],"about":[{"href":"https:\/\/sotalie.com\/index.php\/wp-json\/wp\/v2\/types\/product"}],"wp:featuredmedia":[{"embeddable":true,"href":"https:\/\/sotalie.com\/index.php\/wp-json\/wp\/v2\/media\/228"}],"wp:attachment":[{"href":"https:\/\/sotalie.com\/index.php\/wp-json\/wp\/v2\/media?parent=18"}],"wp:term":[{"taxonomy":"product_brand","embeddable":true,"href":"https:\/\/sotalie.com\/index.php\/wp-json\/wp\/v2\/product_brand?post=18"},{"taxonomy":"product_cat","embeddable":true,"href":"https:\/\/sotalie.com\/index.php\/wp-json\/wp\/v2\/product_cat?post=18"},{"taxonomy":"product_tag","embeddable":true,"href":"https:\/\/sotalie.com\/index.php\/wp-json\/wp\/v2\/product_tag?post=18"}],"curies":[{"name":"wp","href":"https:\/\/api.w.org\/{rel}","templated":true}]}}