{"id":415,"date":"2025-05-29T12:23:42","date_gmt":"2025-05-29T15:23:42","guid":{"rendered":"https:\/\/sotalie.com\/?post_type=product&#038;p=415"},"modified":"2026-02-26T19:16:13","modified_gmt":"2026-02-26T22:16:13","slug":"en-bateau-a-la-comte-avec-skipper","status":"publish","type":"product","link":"https:\/\/sotalie.com\/index.php\/produit\/en-bateau-a-la-comte-avec-skipper\/","title":{"rendered":"Journ\u00e9e \u00e0 la Comt\u00e9"},"content":{"rendered":"<h3><strong>Le fleuve la Comt\u00e9 : une exp\u00e9rience immersive qui combine navigation, culture et d\u00e9tente au c\u0153ur de la Guyane<\/strong><\/h3>\n<p>Direction le banc de sable de la Comt\u00e9 pour une journ\u00e9e de d\u00e9tente en famille ou entre amis !<\/p>\n<p>Vous naviguerez \u00e0 bord du navire \u201c4 Moun Max\u201d \u00e9quip\u00e9 pour vous faire passer un agr\u00e9able moment en toute s\u00e9curit\u00e9. Un skipper exp\u00e9riment\u00e9 vous guidera sur l\u2019eau tout au long de la journ\u00e9e.<\/p>\n<p>&nbsp;<\/p>\n<h3 data-start=\"122\" data-end=\"173\">Programme d\u00e9taill\u00e9 de l\u2019excursion sur la Comt\u00e9<\/h3>\n<p data-start=\"175\" data-end=\"330\">\u00a0 \u00a0 \u00a0\ud83d\udea4 <strong data-start=\"180\" data-end=\"211\">D\u00e9part de D\u00e9grad des Cannes<br \/>\n<\/strong>Nous naviguons en direction du fleuve de <strong data-start=\"255\" data-end=\"296\"><span class=\"hover:entity-accent entity-underline inline cursor-pointer align-baseline\"><span class=\"whitespace-normal\">La Comt\u00e9<\/span><\/span><\/strong>, au c\u0153ur d\u2019une nature luxuriante. Tout au long de la balade vous pourrez faire diverses observations tel que les Ibis rouges, Toucans, etc\u2026 et peut-\u00eatre m\u00eame des dauphins Sotalie !<\/p>\n<p data-start=\"332\" data-end=\"457\">\u00a0 \u00a0 \u00a0\ud83c\udff9 <strong data-start=\"337\" data-end=\"365\">Escale au village Favard<\/strong><br data-start=\"365\" data-end=\"368\" \/>D\u00e9couvrez l\u2019artisanat am\u00e9rindien local et apprenez l\u2019histoire de ce village traditionnel.<\/p>\n<p data-start=\"459\" data-end=\"667\">\u00a0 \u00a0 \u00a0\ud83c\udfd6\ufe0f <strong data-start=\"465\" data-end=\"494\">Pause baignade &amp; ap\u00e9ritif<\/strong><br data-start=\"494\" data-end=\"497\" \/>Profitez d\u2019un moment convivial sur le <strong data-start=\"535\" data-end=\"564\">banc de sable de la Comt\u00e9<\/strong> : baignade, d\u00e9tente et ap\u00e9ro dans un cadre sauvage.<\/p>\n<p data-start=\"669\" data-end=\"876\">\u00a0 \u00a0 \u00a0\ud83c\udf5c <strong data-start=\"883\" data-end=\"918\">D\u00e9jeuner sur le bateau ou en carbet<\/strong><br data-start=\"918\" data-end=\"921\" \/>Profitez du BBQ au gaz pour faire vos grillades directement sur le bateau ou installez vous dans un carbet pour y prendre votre repas.<\/p>\n<p data-start=\"669\" data-end=\"876\">\n<p><strong>La capacit\u00e9 maximale du bateau est de 7 personnes<\/strong> (le prix reste le m\u00eame pour un maximum de 7 personnes).<\/p>\n<p>&nbsp;<\/p>\n<p><strong>Compris dans la prestation<\/strong><br \/>\n\u2022 Un ap\u00e9ritif le midi<br \/>\n\u2022 Glaci\u00e8re et boissons non alcoolis\u00e9es<br \/>\n\u2022 BBQ au gaz pour vos grillades<br \/>\n\u2022 Un Paddle<\/p>\n<p>&nbsp;<\/p>\n<p><strong>A votre charge<\/strong><br \/>\n\u2022 Votre repas du midi<br \/>\n\u2022 \u00c9quipement conseill\u00e9 *<\/p>\n<p>&nbsp;<\/p>\n<p><em>*\u00c9quipement conseill\u00e9 :<\/em><br \/>\n<em>K-way ou poncho, casquette ou chapeau, protection \u00e9tanche pour appareil photo, 1 bouteille d\u2019eau, protection solaire, tenue et serviette de bain.<\/em><\/p>\n<p>&nbsp;<\/p>\n<p>Pour en savoir plus sur le bateau c&#8217;est\u00a0 <a href=\"https:\/\/sotalie.com\/index.php\/nos-bateaux\/\">ICI<\/a><\/p>\n","protected":false},"excerpt":{"rendered":"<p><strong>Journ\u00e9e \u00e0 la Comt\u00e9 en bateau avec skipper<\/strong><\/p>\n<p data-start=\"1774\" data-end=\"1807\">\u00a0 \u00a0 \u2728Priv\u00e9 : 1 \u00e0 7 personnes<\/p>\n<p data-start=\"1774\" data-end=\"1807\">\u00a0 \u00a0 \ud83d\udccd D\u00e9part : Port de D\u00e9grad des Cannes<\/p>\n<p data-start=\"1810\" data-end=\"1849\">\u00a0 \u00a0 \ud83d\udcc5 Tous les jours et weekends<\/p>\n<p data-start=\"1852\" data-end=\"1881\">\u00a0 \u00a0 \ud83d\udd52 Dur\u00e9e : environ 6 heures D\u00e9part 09h00 et retour 15h00 au port<\/p>\n<p data-start=\"1852\" data-end=\"1881\">\u00a0 \u00a0 \u2705 Difficult\u00e9 : Facile<\/p>\n<p data-start=\"1884\" data-end=\"1928\">\u00a0 \u00a0 \ud83d\udcac Langues parl\u00e9es : fran\u00e7ais, anglais.<\/p>\n","protected":false},"featured_media":416,"template":"","meta":[],"product_brand":[],"product_cat":[16],"product_tag":[],"class_list":{"0":"post-415","1":"product","2":"type-product","3":"status-publish","4":"has-post-thumbnail","6":"product_cat-excursions","7":"bookacti-activity","9":"first","10":"instock","11":"featured","12":"virtual","13":"sold-individually","14":"purchasable","15":"product-type-simple"},"yoast_head":"<!-- This site is optimized with the Yoast SEO plugin v25.4 - https:\/\/yoast.com\/wordpress\/plugins\/seo\/ -->\n<title>Journ\u00e9e \u00e0 la Comt\u00e9 -<\/title>\n<meta name=\"description\" content=\"Louez un bateau avec skipper et venez vous d\u00e9tendre entre amis au banc de sable de la Comt\u00e9 cet \u00e9t\u00e9 ! S\u00e9curit\u00e9, fiabilit\u00e9 et l\u00e2ch\u00e9 prise assur\u00e9 !\" \/>\n<meta name=\"robots\" content=\"index, follow, max-snippet:-1, max-image-preview:large, max-video-preview:-1\" \/>\n<link rel=\"canonical\" href=\"https:\/\/sotalie.com\/index.php\/produit\/en-bateau-a-la-comte-avec-skipper\/\" \/>\n<meta property=\"og:locale\" content=\"fr_FR\" \/>\n<meta property=\"og:type\" content=\"article\" \/>\n<meta property=\"og:title\" content=\"Journ\u00e9e \u00e0 la Comt\u00e9\" \/>\n<meta property=\"og:description\" content=\"Viens te d\u00e9tendre entre amis au banc de sable cet \u00e9t\u00e9 !\" \/>\n<meta property=\"og:url\" content=\"https:\/\/sotalie.com\/index.php\/produit\/en-bateau-a-la-comte-avec-skipper\/\" \/>\n<meta property=\"article:publisher\" content=\"https:\/\/www.facebook.com\/4mounmax\" \/>\n<meta property=\"article:modified_time\" content=\"2026-02-26T22:16:13+00:00\" \/>\n<meta property=\"og:image\" content=\"https:\/\/sotalie.com\/wp-content\/uploads\/2025\/05\/IMG_9142.png\" \/>\n\t<meta property=\"og:image:width\" content=\"1334\" \/>\n\t<meta property=\"og:image:height\" content=\"750\" \/>\n\t<meta property=\"og:image:type\" content=\"image\/png\" \/>\n<meta name=\"twitter:card\" content=\"summary_large_image\" \/>\n<meta name=\"twitter:label1\" content=\"Dur\u00e9e de lecture estim\u00e9e\" \/>\n\t<meta name=\"twitter:data1\" content=\"2 minutes\" \/>\n<script type=\"application\/ld+json\" class=\"yoast-schema-graph\">{\"@context\":\"https:\/\/schema.org\",\"@graph\":[{\"@type\":\"WebPage\",\"@id\":\"https:\/\/sotalie.com\/index.php\/produit\/en-bateau-a-la-comte-avec-skipper\/\",\"url\":\"https:\/\/sotalie.com\/index.php\/produit\/en-bateau-a-la-comte-avec-skipper\/\",\"name\":\"Journ\u00e9e \u00e0 la Comt\u00e9 -\",\"isPartOf\":{\"@id\":\"https:\/\/sotalie.com\/#website\"},\"primaryImageOfPage\":{\"@id\":\"https:\/\/sotalie.com\/index.php\/produit\/en-bateau-a-la-comte-avec-skipper\/#primaryimage\"},\"image\":{\"@id\":\"https:\/\/sotalie.com\/index.php\/produit\/en-bateau-a-la-comte-avec-skipper\/#primaryimage\"},\"thumbnailUrl\":\"https:\/\/sotalie.com\/wp-content\/uploads\/2025\/05\/IMG_9142.png\",\"datePublished\":\"2025-05-29T15:23:42+00:00\",\"dateModified\":\"2026-02-26T22:16:13+00:00\",\"description\":\"Louez un bateau avec skipper et venez vous d\u00e9tendre entre amis au banc de sable de la Comt\u00e9 cet \u00e9t\u00e9 ! S\u00e9curit\u00e9, fiabilit\u00e9 et l\u00e2ch\u00e9 prise assur\u00e9 !\",\"breadcrumb\":{\"@id\":\"https:\/\/sotalie.com\/index.php\/produit\/en-bateau-a-la-comte-avec-skipper\/#breadcrumb\"},\"inLanguage\":\"fr-FR\",\"potentialAction\":[{\"@type\":\"ReadAction\",\"target\":[\"https:\/\/sotalie.com\/index.php\/produit\/en-bateau-a-la-comte-avec-skipper\/\"]}]},{\"@type\":\"ImageObject\",\"inLanguage\":\"fr-FR\",\"@id\":\"https:\/\/sotalie.com\/index.php\/produit\/en-bateau-a-la-comte-avec-skipper\/#primaryimage\",\"url\":\"https:\/\/sotalie.com\/wp-content\/uploads\/2025\/05\/IMG_9142.png\",\"contentUrl\":\"https:\/\/sotalie.com\/wp-content\/uploads\/2025\/05\/IMG_9142.png\",\"width\":1334,\"height\":750,\"caption\":\"banc de sable de la Comt\u00e9\"},{\"@type\":\"BreadcrumbList\",\"@id\":\"https:\/\/sotalie.com\/index.php\/produit\/en-bateau-a-la-comte-avec-skipper\/#breadcrumb\",\"itemListElement\":[{\"@type\":\"ListItem\",\"position\":1,\"name\":\"Accueil\",\"item\":\"https:\/\/sotalie.com\/\"},{\"@type\":\"ListItem\",\"position\":2,\"name\":\"Boutique\",\"item\":\"https:\/\/sotalie.com\/index.php\/boutique\/\"},{\"@type\":\"ListItem\",\"position\":3,\"name\":\"Journ\u00e9e \u00e0 la Comt\u00e9\"}]},{\"@type\":\"WebSite\",\"@id\":\"https:\/\/sotalie.com\/#website\",\"url\":\"https:\/\/sotalie.com\/\",\"name\":\"Tourisme Bateau Guyane\",\"description\":\"\",\"publisher\":{\"@id\":\"https:\/\/sotalie.com\/#organization\"},\"potentialAction\":[{\"@type\":\"SearchAction\",\"target\":{\"@type\":\"EntryPoint\",\"urlTemplate\":\"https:\/\/sotalie.com\/?s={search_term_string}\"},\"query-input\":{\"@type\":\"PropertyValueSpecification\",\"valueRequired\":true,\"valueName\":\"search_term_string\"}}],\"inLanguage\":\"fr-FR\"},{\"@type\":\"Organization\",\"@id\":\"https:\/\/sotalie.com\/#organization\",\"name\":\"Tourisme Bateau Guyane\",\"url\":\"https:\/\/sotalie.com\/\",\"logo\":{\"@type\":\"ImageObject\",\"inLanguage\":\"fr-FR\",\"@id\":\"https:\/\/sotalie.com\/#\/schema\/logo\/image\/\",\"url\":\"https:\/\/sotalie.com\/wp-content\/uploads\/2025\/02\/cropped-LOGO-SOTALIE-1.png\",\"contentUrl\":\"https:\/\/sotalie.com\/wp-content\/uploads\/2025\/02\/cropped-LOGO-SOTALIE-1.png\",\"width\":1585,\"height\":1505,\"caption\":\"Tourisme Bateau Guyane\"},\"image\":{\"@id\":\"https:\/\/sotalie.com\/#\/schema\/logo\/image\/\"},\"sameAs\":[\"https:\/\/www.facebook.com\/4mounmax\"]}]}<\/script>\n<!-- \/ Yoast SEO plugin. -->","yoast_head_json":{"title":"Journ\u00e9e \u00e0 la Comt\u00e9 -","description":"Louez un bateau avec skipper et venez vous d\u00e9tendre entre amis au banc de sable de la Comt\u00e9 cet \u00e9t\u00e9 ! S\u00e9curit\u00e9, fiabilit\u00e9 et l\u00e2ch\u00e9 prise assur\u00e9 !","robots":{"index":"index","follow":"follow","max-snippet":"max-snippet:-1","max-image-preview":"max-image-preview:large","max-video-preview":"max-video-preview:-1"},"canonical":"https:\/\/sotalie.com\/index.php\/produit\/en-bateau-a-la-comte-avec-skipper\/","og_locale":"fr_FR","og_type":"article","og_title":"Journ\u00e9e \u00e0 la Comt\u00e9","og_description":"Viens te d\u00e9tendre entre amis au banc de sable cet \u00e9t\u00e9 !","og_url":"https:\/\/sotalie.com\/index.php\/produit\/en-bateau-a-la-comte-avec-skipper\/","article_publisher":"https:\/\/www.facebook.com\/4mounmax","article_modified_time":"2026-02-26T22:16:13+00:00","og_image":[{"width":1334,"height":750,"url":"https:\/\/sotalie.com\/wp-content\/uploads\/2025\/05\/IMG_9142.png","type":"image\/png"}],"twitter_card":"summary_large_image","twitter_misc":{"Dur\u00e9e de lecture estim\u00e9e":"2 minutes"},"schema":{"@context":"https:\/\/schema.org","@graph":[{"@type":"WebPage","@id":"https:\/\/sotalie.com\/index.php\/produit\/en-bateau-a-la-comte-avec-skipper\/","url":"https:\/\/sotalie.com\/index.php\/produit\/en-bateau-a-la-comte-avec-skipper\/","name":"Journ\u00e9e \u00e0 la Comt\u00e9 -","isPartOf":{"@id":"https:\/\/sotalie.com\/#website"},"primaryImageOfPage":{"@id":"https:\/\/sotalie.com\/index.php\/produit\/en-bateau-a-la-comte-avec-skipper\/#primaryimage"},"image":{"@id":"https:\/\/sotalie.com\/index.php\/produit\/en-bateau-a-la-comte-avec-skipper\/#primaryimage"},"thumbnailUrl":"https:\/\/sotalie.com\/wp-content\/uploads\/2025\/05\/IMG_9142.png","datePublished":"2025-05-29T15:23:42+00:00","dateModified":"2026-02-26T22:16:13+00:00","description":"Louez un bateau avec skipper et venez vous d\u00e9tendre entre amis au banc de sable de la Comt\u00e9 cet \u00e9t\u00e9 ! S\u00e9curit\u00e9, fiabilit\u00e9 et l\u00e2ch\u00e9 prise assur\u00e9 !","breadcrumb":{"@id":"https:\/\/sotalie.com\/index.php\/produit\/en-bateau-a-la-comte-avec-skipper\/#breadcrumb"},"inLanguage":"fr-FR","potentialAction":[{"@type":"ReadAction","target":["https:\/\/sotalie.com\/index.php\/produit\/en-bateau-a-la-comte-avec-skipper\/"]}]},{"@type":"ImageObject","inLanguage":"fr-FR","@id":"https:\/\/sotalie.com\/index.php\/produit\/en-bateau-a-la-comte-avec-skipper\/#primaryimage","url":"https:\/\/sotalie.com\/wp-content\/uploads\/2025\/05\/IMG_9142.png","contentUrl":"https:\/\/sotalie.com\/wp-content\/uploads\/2025\/05\/IMG_9142.png","width":1334,"height":750,"caption":"banc de sable de la Comt\u00e9"},{"@type":"BreadcrumbList","@id":"https:\/\/sotalie.com\/index.php\/produit\/en-bateau-a-la-comte-avec-skipper\/#breadcrumb","itemListElement":[{"@type":"ListItem","position":1,"name":"Accueil","item":"https:\/\/sotalie.com\/"},{"@type":"ListItem","position":2,"name":"Boutique","item":"https:\/\/sotalie.com\/index.php\/boutique\/"},{"@type":"ListItem","position":3,"name":"Journ\u00e9e \u00e0 la Comt\u00e9"}]},{"@type":"WebSite","@id":"https:\/\/sotalie.com\/#website","url":"https:\/\/sotalie.com\/","name":"Tourisme Bateau Guyane","description":"","publisher":{"@id":"https:\/\/sotalie.com\/#organization"},"potentialAction":[{"@type":"SearchAction","target":{"@type":"EntryPoint","urlTemplate":"https:\/\/sotalie.com\/?s={search_term_string}"},"query-input":{"@type":"PropertyValueSpecification","valueRequired":true,"valueName":"search_term_string"}}],"inLanguage":"fr-FR"},{"@type":"Organization","@id":"https:\/\/sotalie.com\/#organization","name":"Tourisme Bateau Guyane","url":"https:\/\/sotalie.com\/","logo":{"@type":"ImageObject","inLanguage":"fr-FR","@id":"https:\/\/sotalie.com\/#\/schema\/logo\/image\/","url":"https:\/\/sotalie.com\/wp-content\/uploads\/2025\/02\/cropped-LOGO-SOTALIE-1.png","contentUrl":"https:\/\/sotalie.com\/wp-content\/uploads\/2025\/02\/cropped-LOGO-SOTALIE-1.png","width":1585,"height":1505,"caption":"Tourisme Bateau Guyane"},"image":{"@id":"https:\/\/sotalie.com\/#\/schema\/logo\/image\/"},"sameAs":["https:\/\/www.facebook.com\/4mounmax"]}]}},"_links":{"self":[{"href":"https:\/\/sotalie.com\/index.php\/wp-json\/wp\/v2\/product\/415","targetHints":{"allow":["GET"]}}],"collection":[{"href":"https:\/\/sotalie.com\/index.php\/wp-json\/wp\/v2\/product"}],"about":[{"href":"https:\/\/sotalie.com\/index.php\/wp-json\/wp\/v2\/types\/product"}],"wp:featuredmedia":[{"embeddable":true,"href":"https:\/\/sotalie.com\/index.php\/wp-json\/wp\/v2\/media\/416"}],"wp:attachment":[{"href":"https:\/\/sotalie.com\/index.php\/wp-json\/wp\/v2\/media?parent=415"}],"wp:term":[{"taxonomy":"product_brand","embeddable":true,"href":"https:\/\/sotalie.com\/index.php\/wp-json\/wp\/v2\/product_brand?post=415"},{"taxonomy":"product_cat","embeddable":true,"href":"https:\/\/sotalie.com\/index.php\/wp-json\/wp\/v2\/product_cat?post=415"},{"taxonomy":"product_tag","embeddable":true,"href":"https:\/\/sotalie.com\/index.php\/wp-json\/wp\/v2\/product_tag?post=415"}],"curies":[{"name":"wp","href":"https:\/\/api.w.org\/{rel}","templated":true}]}}