{"id":789,"date":"2026-03-11T16:19:54","date_gmt":"2026-03-11T19:19:54","guid":{"rendered":"https:\/\/sotalie.com\/?post_type=product&#038;p=789"},"modified":"2026-03-12T18:45:42","modified_gmt":"2026-03-12T21:45:42","slug":"t-shirt-ilet-la-mere-graphique-ilet-la-mere-vert-2","status":"publish","type":"product","link":"https:\/\/sotalie.com\/index.php\/produit\/t-shirt-ilet-la-mere-graphique-ilet-la-mere-vert-2\/","title":{"rendered":"T-shirt Ilet la M\u00e8re  : Graphique Ilet la M\u00e8re vert"},"content":{"rendered":"<h2 data-start=\"109\" data-end=\"168\">\ud83d\udc55 T-shirt Ilet la M\u00e8re \u2013 Emportez un souvenir de Guyane<\/h2>\n<p data-start=\"170\" data-end=\"445\">Affichez votre attachement \u00e0 <strong>I<\/strong><strong data-start=\"199\" data-end=\"240\"><span class=\"hover:entity-accent entity-underline inline cursor-pointer align-baseline\"><span class=\"whitespace-normal\">let la M\u00e8re<\/span><\/span><\/strong> avec nos t-shirts exclusifs inspir\u00e9s de ce lieu embl\u00e9matique de Guyane. Que vous ayez v\u00e9cu l\u2019excursion ou que vous r\u00eaviez d\u2019y retourner, portez un souvenir unique entre nature sauvage et horizon tropical.<\/p>\n<p data-start=\"484\" data-end=\"685\"><strong>Graphique ilet la M\u00e8re :<\/strong> Illustration grand format, un visuel artistique de l\u2019Ilet la M\u00e8re, dans un style \u00e9pur\u00e9 et moderne !<\/p>\n<h3 data-start=\"968\" data-end=\"1002\">Caract\u00e9ristiques du t-shirt<\/h3>\n<ul data-start=\"1004\" data-end=\"1217\">\n<li data-start=\"1004\" data-end=\"1032\">\n<p data-start=\"1006\" data-end=\"1032\">Coupe <strong data-start=\"1012\" data-end=\"1032\">standard unisexe<\/strong><\/p>\n<\/li>\n<li data-start=\"1033\" data-end=\"1055\">\n<p data-start=\"1035\" data-end=\"1055\">Col rond confortable<\/p>\n<\/li>\n<li data-start=\"1056\" data-end=\"1073\">\n<p data-start=\"1058\" data-end=\"1073\">Manches courtes<\/p>\n<\/li>\n<li data-start=\"1074\" data-end=\"1107\">\n<p data-start=\"1076\" data-end=\"1107\">Tissu <strong>100% coton<\/strong>, doux et agr\u00e9able \u00e0 porter<\/p>\n<\/li>\n<li data-start=\"1108\" data-end=\"1157\">\n<p data-start=\"1110\" data-end=\"1157\">Impression haute qualit\u00e9 r\u00e9sistante aux lavages<\/p>\n<\/li>\n<\/ul>\n<p data-start=\"1425\" data-end=\"1490\">Un souvenir authentique, local et styl\u00e9 \u00e0 offrir ou \u00e0 s\u2019offrir \ud83c\udf34<\/p>\n","protected":false},"excerpt":{"rendered":"<p><strong>T-shirt Ilet la M\u00e8re<\/strong><\/p>\n","protected":false},"featured_media":800,"template":"","meta":[],"product_brand":[],"product_cat":[18],"product_tag":[],"class_list":{"0":"post-789","1":"product","2":"type-product","3":"status-publish","4":"has-post-thumbnail","6":"product_cat-boutique","8":"first","9":"instock","10":"shipping-taxable","11":"purchasable","12":"product-type-variable"},"yoast_head":"<!-- This site is optimized with the Yoast SEO plugin v25.4 - https:\/\/yoast.com\/wordpress\/plugins\/seo\/ -->\n<title>T-shirt Ilet la M\u00e8re : Graphique Ilet la M\u00e8re vert -<\/title>\n<meta name=\"description\" content=\"D\u00e9couvrez nos t-shirts Ilet la M\u00e8re Guyane : design manga ou minimaliste. Coupe unisexe, \u00e9dition exclusive Sotalie. Commandez en ligne.\" \/>\n<meta name=\"robots\" content=\"index, follow, max-snippet:-1, max-image-preview:large, max-video-preview:-1\" \/>\n<link rel=\"canonical\" href=\"https:\/\/sotalie.com\/index.php\/produit\/t-shirt-ilet-la-mere-graphique-ilet-la-mere-vert-2\/\" \/>\n<meta property=\"og:locale\" content=\"fr_FR\" \/>\n<meta property=\"og:type\" content=\"article\" \/>\n<meta property=\"og:title\" content=\"T-shirt Ilet la M\u00e8re : Graphique Ilet la M\u00e8re vert -\" \/>\n<meta property=\"og:description\" content=\"D\u00e9couvrez nos t-shirts Ilet la M\u00e8re Guyane : design manga ou minimaliste. Coupe unisexe, \u00e9dition exclusive Sotalie. Commandez en ligne.\" \/>\n<meta property=\"og:url\" content=\"https:\/\/sotalie.com\/index.php\/produit\/t-shirt-ilet-la-mere-graphique-ilet-la-mere-vert-2\/\" \/>\n<meta property=\"article:publisher\" content=\"https:\/\/www.facebook.com\/4mounmax\" \/>\n<meta property=\"article:modified_time\" content=\"2026-03-12T21:45:42+00:00\" \/>\n<meta property=\"og:image\" content=\"https:\/\/sotalie.com\/wp-content\/uploads\/2026\/03\/ChatGPT-Image-11-mars-2026-16_40_17-683x1024.png\" \/>\n\t<meta property=\"og:image:width\" content=\"683\" \/>\n\t<meta property=\"og:image:height\" content=\"1024\" \/>\n\t<meta property=\"og:image:type\" content=\"image\/png\" \/>\n<meta name=\"twitter:card\" content=\"summary_large_image\" \/>\n<meta name=\"twitter:label1\" content=\"Dur\u00e9e de lecture estim\u00e9e\" \/>\n\t<meta name=\"twitter:data1\" content=\"1 minute\" \/>\n<script type=\"application\/ld+json\" class=\"yoast-schema-graph\">{\"@context\":\"https:\/\/schema.org\",\"@graph\":[{\"@type\":\"WebPage\",\"@id\":\"https:\/\/sotalie.com\/index.php\/produit\/t-shirt-ilet-la-mere-graphique-ilet-la-mere-vert-2\/\",\"url\":\"https:\/\/sotalie.com\/index.php\/produit\/t-shirt-ilet-la-mere-graphique-ilet-la-mere-vert-2\/\",\"name\":\"T-shirt Ilet la M\u00e8re : Graphique Ilet la M\u00e8re vert -\",\"isPartOf\":{\"@id\":\"https:\/\/sotalie.com\/#website\"},\"primaryImageOfPage\":{\"@id\":\"https:\/\/sotalie.com\/index.php\/produit\/t-shirt-ilet-la-mere-graphique-ilet-la-mere-vert-2\/#primaryimage\"},\"image\":{\"@id\":\"https:\/\/sotalie.com\/index.php\/produit\/t-shirt-ilet-la-mere-graphique-ilet-la-mere-vert-2\/#primaryimage\"},\"thumbnailUrl\":\"https:\/\/sotalie.com\/wp-content\/uploads\/2026\/03\/ChatGPT-Image-11-mars-2026-16_40_17.png\",\"datePublished\":\"2026-03-11T19:19:54+00:00\",\"dateModified\":\"2026-03-12T21:45:42+00:00\",\"description\":\"D\u00e9couvrez nos t-shirts Ilet la M\u00e8re Guyane : design manga ou minimaliste. Coupe unisexe, \u00e9dition exclusive Sotalie. Commandez en ligne.\",\"breadcrumb\":{\"@id\":\"https:\/\/sotalie.com\/index.php\/produit\/t-shirt-ilet-la-mere-graphique-ilet-la-mere-vert-2\/#breadcrumb\"},\"inLanguage\":\"fr-FR\",\"potentialAction\":[{\"@type\":\"ReadAction\",\"target\":[\"https:\/\/sotalie.com\/index.php\/produit\/t-shirt-ilet-la-mere-graphique-ilet-la-mere-vert-2\/\"]}]},{\"@type\":\"ImageObject\",\"inLanguage\":\"fr-FR\",\"@id\":\"https:\/\/sotalie.com\/index.php\/produit\/t-shirt-ilet-la-mere-graphique-ilet-la-mere-vert-2\/#primaryimage\",\"url\":\"https:\/\/sotalie.com\/wp-content\/uploads\/2026\/03\/ChatGPT-Image-11-mars-2026-16_40_17.png\",\"contentUrl\":\"https:\/\/sotalie.com\/wp-content\/uploads\/2026\/03\/ChatGPT-Image-11-mars-2026-16_40_17.png\",\"width\":1024,\"height\":1536,\"caption\":\"ilet la m\u00e8re sotalie excursions\"},{\"@type\":\"BreadcrumbList\",\"@id\":\"https:\/\/sotalie.com\/index.php\/produit\/t-shirt-ilet-la-mere-graphique-ilet-la-mere-vert-2\/#breadcrumb\",\"itemListElement\":[{\"@type\":\"ListItem\",\"position\":1,\"name\":\"Accueil\",\"item\":\"https:\/\/sotalie.com\/\"},{\"@type\":\"ListItem\",\"position\":2,\"name\":\"Boutique\",\"item\":\"https:\/\/sotalie.com\/index.php\/boutique\/\"},{\"@type\":\"ListItem\",\"position\":3,\"name\":\"T-shirt Ilet la M\u00e8re : Graphique Ilet la M\u00e8re vert\"}]},{\"@type\":\"WebSite\",\"@id\":\"https:\/\/sotalie.com\/#website\",\"url\":\"https:\/\/sotalie.com\/\",\"name\":\"Tourisme Bateau Guyane\",\"description\":\"\",\"publisher\":{\"@id\":\"https:\/\/sotalie.com\/#organization\"},\"potentialAction\":[{\"@type\":\"SearchAction\",\"target\":{\"@type\":\"EntryPoint\",\"urlTemplate\":\"https:\/\/sotalie.com\/?s={search_term_string}\"},\"query-input\":{\"@type\":\"PropertyValueSpecification\",\"valueRequired\":true,\"valueName\":\"search_term_string\"}}],\"inLanguage\":\"fr-FR\"},{\"@type\":\"Organization\",\"@id\":\"https:\/\/sotalie.com\/#organization\",\"name\":\"Tourisme Bateau Guyane\",\"url\":\"https:\/\/sotalie.com\/\",\"logo\":{\"@type\":\"ImageObject\",\"inLanguage\":\"fr-FR\",\"@id\":\"https:\/\/sotalie.com\/#\/schema\/logo\/image\/\",\"url\":\"https:\/\/sotalie.com\/wp-content\/uploads\/2025\/02\/cropped-LOGO-SOTALIE-1.png\",\"contentUrl\":\"https:\/\/sotalie.com\/wp-content\/uploads\/2025\/02\/cropped-LOGO-SOTALIE-1.png\",\"width\":1585,\"height\":1505,\"caption\":\"Tourisme Bateau Guyane\"},\"image\":{\"@id\":\"https:\/\/sotalie.com\/#\/schema\/logo\/image\/\"},\"sameAs\":[\"https:\/\/www.facebook.com\/4mounmax\"]}]}<\/script>\n<!-- \/ Yoast SEO plugin. -->","yoast_head_json":{"title":"T-shirt Ilet la M\u00e8re : Graphique Ilet la M\u00e8re vert -","description":"D\u00e9couvrez nos t-shirts Ilet la M\u00e8re Guyane : design manga ou minimaliste. Coupe unisexe, \u00e9dition exclusive Sotalie. Commandez en ligne.","robots":{"index":"index","follow":"follow","max-snippet":"max-snippet:-1","max-image-preview":"max-image-preview:large","max-video-preview":"max-video-preview:-1"},"canonical":"https:\/\/sotalie.com\/index.php\/produit\/t-shirt-ilet-la-mere-graphique-ilet-la-mere-vert-2\/","og_locale":"fr_FR","og_type":"article","og_title":"T-shirt Ilet la M\u00e8re : Graphique Ilet la M\u00e8re vert -","og_description":"D\u00e9couvrez nos t-shirts Ilet la M\u00e8re Guyane : design manga ou minimaliste. Coupe unisexe, \u00e9dition exclusive Sotalie. Commandez en ligne.","og_url":"https:\/\/sotalie.com\/index.php\/produit\/t-shirt-ilet-la-mere-graphique-ilet-la-mere-vert-2\/","article_publisher":"https:\/\/www.facebook.com\/4mounmax","article_modified_time":"2026-03-12T21:45:42+00:00","og_image":[{"width":683,"height":1024,"url":"https:\/\/sotalie.com\/wp-content\/uploads\/2026\/03\/ChatGPT-Image-11-mars-2026-16_40_17-683x1024.png","type":"image\/png"}],"twitter_card":"summary_large_image","twitter_misc":{"Dur\u00e9e de lecture estim\u00e9e":"1 minute"},"schema":{"@context":"https:\/\/schema.org","@graph":[{"@type":"WebPage","@id":"https:\/\/sotalie.com\/index.php\/produit\/t-shirt-ilet-la-mere-graphique-ilet-la-mere-vert-2\/","url":"https:\/\/sotalie.com\/index.php\/produit\/t-shirt-ilet-la-mere-graphique-ilet-la-mere-vert-2\/","name":"T-shirt Ilet la M\u00e8re : Graphique Ilet la M\u00e8re vert -","isPartOf":{"@id":"https:\/\/sotalie.com\/#website"},"primaryImageOfPage":{"@id":"https:\/\/sotalie.com\/index.php\/produit\/t-shirt-ilet-la-mere-graphique-ilet-la-mere-vert-2\/#primaryimage"},"image":{"@id":"https:\/\/sotalie.com\/index.php\/produit\/t-shirt-ilet-la-mere-graphique-ilet-la-mere-vert-2\/#primaryimage"},"thumbnailUrl":"https:\/\/sotalie.com\/wp-content\/uploads\/2026\/03\/ChatGPT-Image-11-mars-2026-16_40_17.png","datePublished":"2026-03-11T19:19:54+00:00","dateModified":"2026-03-12T21:45:42+00:00","description":"D\u00e9couvrez nos t-shirts Ilet la M\u00e8re Guyane : design manga ou minimaliste. Coupe unisexe, \u00e9dition exclusive Sotalie. Commandez en ligne.","breadcrumb":{"@id":"https:\/\/sotalie.com\/index.php\/produit\/t-shirt-ilet-la-mere-graphique-ilet-la-mere-vert-2\/#breadcrumb"},"inLanguage":"fr-FR","potentialAction":[{"@type":"ReadAction","target":["https:\/\/sotalie.com\/index.php\/produit\/t-shirt-ilet-la-mere-graphique-ilet-la-mere-vert-2\/"]}]},{"@type":"ImageObject","inLanguage":"fr-FR","@id":"https:\/\/sotalie.com\/index.php\/produit\/t-shirt-ilet-la-mere-graphique-ilet-la-mere-vert-2\/#primaryimage","url":"https:\/\/sotalie.com\/wp-content\/uploads\/2026\/03\/ChatGPT-Image-11-mars-2026-16_40_17.png","contentUrl":"https:\/\/sotalie.com\/wp-content\/uploads\/2026\/03\/ChatGPT-Image-11-mars-2026-16_40_17.png","width":1024,"height":1536,"caption":"ilet la m\u00e8re sotalie excursions"},{"@type":"BreadcrumbList","@id":"https:\/\/sotalie.com\/index.php\/produit\/t-shirt-ilet-la-mere-graphique-ilet-la-mere-vert-2\/#breadcrumb","itemListElement":[{"@type":"ListItem","position":1,"name":"Accueil","item":"https:\/\/sotalie.com\/"},{"@type":"ListItem","position":2,"name":"Boutique","item":"https:\/\/sotalie.com\/index.php\/boutique\/"},{"@type":"ListItem","position":3,"name":"T-shirt Ilet la M\u00e8re : Graphique Ilet la M\u00e8re vert"}]},{"@type":"WebSite","@id":"https:\/\/sotalie.com\/#website","url":"https:\/\/sotalie.com\/","name":"Tourisme Bateau Guyane","description":"","publisher":{"@id":"https:\/\/sotalie.com\/#organization"},"potentialAction":[{"@type":"SearchAction","target":{"@type":"EntryPoint","urlTemplate":"https:\/\/sotalie.com\/?s={search_term_string}"},"query-input":{"@type":"PropertyValueSpecification","valueRequired":true,"valueName":"search_term_string"}}],"inLanguage":"fr-FR"},{"@type":"Organization","@id":"https:\/\/sotalie.com\/#organization","name":"Tourisme Bateau Guyane","url":"https:\/\/sotalie.com\/","logo":{"@type":"ImageObject","inLanguage":"fr-FR","@id":"https:\/\/sotalie.com\/#\/schema\/logo\/image\/","url":"https:\/\/sotalie.com\/wp-content\/uploads\/2025\/02\/cropped-LOGO-SOTALIE-1.png","contentUrl":"https:\/\/sotalie.com\/wp-content\/uploads\/2025\/02\/cropped-LOGO-SOTALIE-1.png","width":1585,"height":1505,"caption":"Tourisme Bateau Guyane"},"image":{"@id":"https:\/\/sotalie.com\/#\/schema\/logo\/image\/"},"sameAs":["https:\/\/www.facebook.com\/4mounmax"]}]}},"_links":{"self":[{"href":"https:\/\/sotalie.com\/index.php\/wp-json\/wp\/v2\/product\/789","targetHints":{"allow":["GET"]}}],"collection":[{"href":"https:\/\/sotalie.com\/index.php\/wp-json\/wp\/v2\/product"}],"about":[{"href":"https:\/\/sotalie.com\/index.php\/wp-json\/wp\/v2\/types\/product"}],"wp:featuredmedia":[{"embeddable":true,"href":"https:\/\/sotalie.com\/index.php\/wp-json\/wp\/v2\/media\/800"}],"wp:attachment":[{"href":"https:\/\/sotalie.com\/index.php\/wp-json\/wp\/v2\/media?parent=789"}],"wp:term":[{"taxonomy":"product_brand","embeddable":true,"href":"https:\/\/sotalie.com\/index.php\/wp-json\/wp\/v2\/product_brand?post=789"},{"taxonomy":"product_cat","embeddable":true,"href":"https:\/\/sotalie.com\/index.php\/wp-json\/wp\/v2\/product_cat?post=789"},{"taxonomy":"product_tag","embeddable":true,"href":"https:\/\/sotalie.com\/index.php\/wp-json\/wp\/v2\/product_tag?post=789"}],"curies":[{"name":"wp","href":"https:\/\/api.w.org\/{rel}","templated":true}]}}